{"id":338,"date":"2022-08-30T11:14:23","date_gmt":"2022-08-30T08:14:23","guid":{"rendered":"https:\/\/ww1route.eu\/?page_id=338"},"modified":"2023-02-16T11:19:22","modified_gmt":"2023-02-16T09:19:22","slug":"medumu-pirmojo-pasaulinio-karo-paroda","status":"publish","type":"page","link":"https:\/\/ww1route.eu\/lt\/medumu-pirmojo-pasaulinio-karo-paroda\/","title":{"rendered":"Medumu pirmojo pasaulinio karo paroda"},"content":{"rendered":"\n<p>Pirmasis pasaulinis karas paliko p\u0117dsak\u0105 visoje Medumu teritorijoje, Auk\u0161dauguvos kra\u0161te. Ry\u0161kiausias pavyzdys gel\u017ebetoniniai bunkeriai, apkas\u0173 p\u0117dsakai. Vietiniai gyventojai nuolat randa vieno did\u017eiausi\u0173 kar\u0173 \u017emonijos istorijoje \u012frodym\u0173 \u2013 ginkl\u0173 dali\u0173, sviedini\u0173 liekan\u0173, uniform\u0173 element\u0173, nam\u0173 apyvokos daikt\u0173. Medumu ekspozicijos lankytojai gali ne tik ap\u017ei\u016br\u0117ti istorinius artefaktus, bet ir \u012fsijausti \u012f kareivio vaidmen\u012f. Vienoje i\u0161 ekspozicij\u0173 sali\u0173 bus sukurta bunkerio imitacija &#8211; apkaso fragmentas su nedidele sl\u0117ptuve, m\u016b\u0161io lauko atributika, kari\u0173 manekenais. Daug d\u0117mesio bus skirta garso ir vaizdo aparat\u016brai, kuri leis \u012fsijausti \u012f karo lauko atmosfer\u0105.<\/p>\n","protected":false},"excerpt":{"rendered":"<p>Pirmasis pasaulinis karas paliko p\u0117dsak\u0105 visoje Medumu teritorijoje, Auk\u0161dauguvos kra\u0161te. Ry\u0161kiausias pavyzdys gel\u017ebetoniniai bunkeriai, apkas\u0173 p\u0117dsakai. Vietiniai gyventojai nuolat randa vieno did\u017eiausi\u0173 kar\u0173 \u017emonijos istorijoje \u012frodym\u0173 \u2013 ginkl\u0173 dali\u0173, sviedini\u0173 liekan\u0173, uniform\u0173 element\u0173, nam\u0173 apyvokos daikt\u0173. Medumu ekspozicijos lankytojai gali ne tik ap\u017ei\u016br\u0117ti istorinius artefaktus, bet ir \u012fsijausti \u012f kareivio vaidmen\u012f. Vienoje i\u0161 ekspozicij\u0173 sali\u0173 [&hellip;]<\/p>\n","protected":false},"author":1,"featured_media":1116,"parent":0,"menu_order":0,"comment_status":"closed","ping_status":"closed","template":"","meta":{"footnotes":""},"class_list":["post-338","page","type-page","status-publish","has-post-thumbnail","hentry"],"acf":[],"_links":{"self":[{"href":"https:\/\/ww1route.eu\/lt\/wp-json\/wp\/v2\/pages\/338","targetHints":{"allow":["GET"]}}],"collection":[{"href":"https:\/\/ww1route.eu\/lt\/wp-json\/wp\/v2\/pages"}],"about":[{"href":"https:\/\/ww1route.eu\/lt\/wp-json\/wp\/v2\/types\/page"}],"author":[{"embeddable":true,"href":"https:\/\/ww1route.eu\/lt\/wp-json\/wp\/v2\/users\/1"}],"replies":[{"embeddable":true,"href":"https:\/\/ww1route.eu\/lt\/wp-json\/wp\/v2\/comments?post=338"}],"version-history":[{"count":6,"href":"https:\/\/ww1route.eu\/lt\/wp-json\/wp\/v2\/pages\/338\/revisions"}],"predecessor-version":[{"id":2205,"href":"https:\/\/ww1route.eu\/lt\/wp-json\/wp\/v2\/pages\/338\/revisions\/2205"}],"wp:featuredmedia":[{"embeddable":true,"href":"https:\/\/ww1route.eu\/lt\/wp-json\/wp\/v2\/media\/1116"}],"wp:attachment":[{"href":"https:\/\/ww1route.eu\/lt\/wp-json\/wp\/v2\/media?parent=338"}],"curies":[{"name":"wp","href":"https:\/\/api.w.org\/{rel}","templated":true}]}}