{"id":348,"date":"2022-08-22T13:22:52","date_gmt":"2022-08-22T10:22:52","guid":{"rendered":"https:\/\/ww1route.eu\/medumu-pirmojo-pasaulinio-karo-paroda\/apmekletajiem\/cenradis\/"},"modified":"2023-03-09T15:28:09","modified_gmt":"2023-03-09T13:28:09","slug":"kainorastis","status":"publish","type":"page","link":"https:\/\/ww1route.eu\/lt\/medumu-pirmojo-pasaulinio-karo-paroda\/apmekletajiem\/kainorastis\/","title":{"rendered":"Kainora\u0161tis"},"content":{"rendered":"<div class=\"wp-bootstrap-blocks-row row\">\n\t\n\n<div class=\"col-12 col-md-12\">\n\t\t\t\n\n<p><\/p>\n\n\n\n<div class=\"wp-block-columns is-layout-flex wp-container-core-columns-is-layout-9d6595d7 wp-block-columns-is-layout-flex\">\n<div class=\"wp-block-column is-layout-flow wp-block-column-is-layout-flow\" style=\"flex-basis:100%\">\n<figure class=\"wp-block-table\"><table><tbody><tr><td>\u012e\u0117jimo mokestis moksleiviams, pensininkams, studentams, asmenims su negalia, nepasiturintiems asmenims<\/td><td>\u20ac 1.40<\/td><\/tr><tr><td>\u012e\u0117jimo mokestis suaugusiems<\/td><td>\u20ac 3.50<\/td><\/tr><tr><td><strong><em>Temin\u0117s ekskursijos\/programos<\/em><\/strong><\/td><td>&nbsp;<\/td><\/tr><tr><td>Gido paslaugos gamtoje (pasiva\u017ein\u0117jimas dvira\u010diu) grupei iki 10 asm.\/val.<\/td><td>\u20ac20.00<\/td><\/tr><tr><td>Gido paslaugos gamtoje (pasiva\u017ein\u0117jimas dvira\u010diu) grupei iki 30 asm.\/val.<\/td><td>\u20ac30.00<\/td><\/tr><tr><td>Gido paslaugos gamtoje (pasiva\u017ein\u0117jimas dvira\u010diu) grupei nuo 30 asm.\/val.<\/td><td>\u20ac50.00<\/td><\/tr><tr><td><strong><em>Dvira\u010di\u0173 nuoma<\/em><\/strong><\/td><td><\/td><\/tr><tr><td>Dvira\u010di\u0173 nuoma<\/td><td>\u20ac5.00\/val<br>\u20ac15.00\/dien\u0105 (8val.)<\/td><\/tr><tr><td>Elektrini\u0173 dvira\u010di\u0173 nuoma\/h<\/td><td>\u20ac 10.00\/val.<br>\u20ac30.00\/dien\u0105 (8val.)<\/td><\/tr><tr><td>Dvira\u010di\u0173 laikikliai ant kablio<\/td><td>\u20ac10.00\/dien\u0105<\/td><\/tr><\/tbody><\/table><\/figure>\n<\/div>\n<\/div>\n\n\t<\/div>\n\n<\/div>\n","protected":false},"excerpt":{"rendered":"","protected":false},"author":1,"featured_media":0,"parent":341,"menu_order":0,"comment_status":"closed","ping_status":"closed","template":"","meta":{"footnotes":""},"class_list":["post-348","page","type-page","status-publish","hentry"],"acf":[],"_links":{"self":[{"href":"https:\/\/ww1route.eu\/lt\/wp-json\/wp\/v2\/pages\/348","targetHints":{"allow":["GET"]}}],"collection":[{"href":"https:\/\/ww1route.eu\/lt\/wp-json\/wp\/v2\/pages"}],"about":[{"href":"https:\/\/ww1route.eu\/lt\/wp-json\/wp\/v2\/types\/page"}],"author":[{"embeddable":true,"href":"https:\/\/ww1route.eu\/lt\/wp-json\/wp\/v2\/users\/1"}],"replies":[{"embeddable":true,"href":"https:\/\/ww1route.eu\/lt\/wp-json\/wp\/v2\/comments?post=348"}],"version-history":[{"count":2,"href":"https:\/\/ww1route.eu\/lt\/wp-json\/wp\/v2\/pages\/348\/revisions"}],"predecessor-version":[{"id":2856,"href":"https:\/\/ww1route.eu\/lt\/wp-json\/wp\/v2\/pages\/348\/revisions\/2856"}],"up":[{"embeddable":true,"href":"https:\/\/ww1route.eu\/lt\/wp-json\/wp\/v2\/pages\/341"}],"wp:attachment":[{"href":"https:\/\/ww1route.eu\/lt\/wp-json\/wp\/v2\/media?parent=348"}],"curies":[{"name":"wp","href":"https:\/\/api.w.org\/{rel}","templated":true}]}}