{"id":352,"date":"2022-08-22T13:24:24","date_gmt":"2022-08-22T10:24:24","guid":{"rendered":"https:\/\/ww1route.eu\/medumu-pirmojo-pasaulinio-karo-paroda\/apmekletajiem\/darba-laiks\/"},"modified":"2026-01-06T09:07:16","modified_gmt":"2026-01-06T07:07:16","slug":"darba-laiks","status":"publish","type":"page","link":"https:\/\/ww1route.eu\/lt\/medumu-pirmojo-pasaulinio-karo-paroda\/apmekletajiem\/darba-laiks\/","title":{"rendered":"Darbo laikas"},"content":{"rendered":"\n<p>Pirmadienis &#8211; u\u017edaryta<br>Antradienis &#8211; 12.00-17.00<br>Tre\u010diadienis &#8211; 12.00-17.00<br>Ketvirtadienis &#8211; 12.00-17.00<br>Penktadienis &#8211; 12.00-17.00<br>\u0160e\u0161tadienis &#8211; 12.00-17.00<br>Sekmadienis &#8211; u\u017edaryta<\/p>\n\n\n\n<p>Ekskursijas ir muziej\u0173 lankym\u0105 grup\u0117ms kitomis dienomis galima u\u017esisakyti tel. +371 26274123, +371 29431360.<\/p>\n\n\n\n<p><\/p>\n","protected":false},"excerpt":{"rendered":"<p>Pirmadienis &#8211; u\u017edarytaAntradienis &#8211; 12.00-17.00Tre\u010diadienis &#8211; 12.00-17.00Ketvirtadienis &#8211; 12.00-17.00Penktadienis &#8211; 12.00-17.00\u0160e\u0161tadienis &#8211; 12.00-17.00Sekmadienis &#8211; u\u017edaryta Ekskursijas ir muziej\u0173 lankym\u0105 grup\u0117ms kitomis dienomis galima u\u017esisakyti tel. +371 26274123, +371 29431360.<\/p>\n","protected":false},"author":1,"featured_media":0,"parent":341,"menu_order":0,"comment_status":"closed","ping_status":"closed","template":"","meta":{"footnotes":""},"class_list":["post-352","page","type-page","status-publish","hentry"],"acf":[],"_links":{"self":[{"href":"https:\/\/ww1route.eu\/lt\/wp-json\/wp\/v2\/pages\/352","targetHints":{"allow":["GET"]}}],"collection":[{"href":"https:\/\/ww1route.eu\/lt\/wp-json\/wp\/v2\/pages"}],"about":[{"href":"https:\/\/ww1route.eu\/lt\/wp-json\/wp\/v2\/types\/page"}],"author":[{"embeddable":true,"href":"https:\/\/ww1route.eu\/lt\/wp-json\/wp\/v2\/users\/1"}],"replies":[{"embeddable":true,"href":"https:\/\/ww1route.eu\/lt\/wp-json\/wp\/v2\/comments?post=352"}],"version-history":[{"count":7,"href":"https:\/\/ww1route.eu\/lt\/wp-json\/wp\/v2\/pages\/352\/revisions"}],"predecessor-version":[{"id":3475,"href":"https:\/\/ww1route.eu\/lt\/wp-json\/wp\/v2\/pages\/352\/revisions\/3475"}],"up":[{"embeddable":true,"href":"https:\/\/ww1route.eu\/lt\/wp-json\/wp\/v2\/pages\/341"}],"wp:attachment":[{"href":"https:\/\/ww1route.eu\/lt\/wp-json\/wp\/v2\/media?parent=352"}],"curies":[{"name":"wp","href":"https:\/\/api.w.org\/{rel}","templated":true}]}}