{"id":362,"date":"2022-08-22T13:20:14","date_gmt":"2022-08-22T10:20:14","guid":{"rendered":"https:\/\/ww1route.eu\/medumu-pirmojo-pasaulinio-karo-paroda\/par-mums\/ekspozicija-un-marsruti\/"},"modified":"2023-03-09T15:03:45","modified_gmt":"2023-03-09T13:03:45","slug":"ekspozicija-ir-marsrutai","status":"publish","type":"page","link":"https:\/\/ww1route.eu\/lt\/medumu-pirmojo-pasaulinio-karo-paroda\/par-mums\/ekspozicija-ir-marsrutai\/","title":{"rendered":"Ekspozicija ir mar\u0161rutai"},"content":{"rendered":"\n<br>\n\n\n\n<p>Medumu prie\u0161kario istorija<\/p>\n\n\n\n<p>Iki Pirmojo pasaulinio karo dabartin\u0117s Medumu apylink\u0117s teritorija priklaus\u0117 Kur\u017eem\u0117s kunigaik\u0161tyst\u0117s Il\u016bkstes rajono Kurcumo apylinkei (\u012fkurta 1866 m.). Apylink\u0117i priklaus\u0117 keli dvarai &#8211; Kurcumo dvaras, Krivini\u0161ku dvaras, Girvi\u0161ku dvaras, Dervani\u0161ku dvaras, Laukesos dvaras, Ilz\u0117s ir Medumu dvaras, taip pat Egipto ba\u017eny\u010dios pusdvaras, trys alud\u0117s ir penki sand\u0117liai. Medumu dvaro savininkas, Rusijos armijos generolas leitenantas U\u0161akovas suk\u016br\u0117 ir klimato stot\u012f \u2013 sanatorij\u0105.<\/p>\n\n\n\n<p>Aplink Medumu e\u017eer\u0105 stov\u0117jo Sankt Peterburgo inteligentijos vasarnamiai: ra\u0161ytojo Nikolajaus \u010cerny\u0161evskio \u017emona Olga \u010cerny\u0161evska, istorikas Antonas Pipinas, N. \u010cerny\u0161evskio pusbrolis, ra\u0161ytojas Jevgenijus Lackas, dailininkas Emilis Vizelis, aktorius Nikolajus Monakhovas, literatas Ganeizeris. 1906 m. vasar\u012f ir vasar\u0105 Medum\u0105 aplank\u0117 ir Korn\u0117jus \u010cukovskis.<\/p>\n\n\n\n<p>Nuo 1836 m. Medumu teritorij\u0105 kirto Var\u0161uvos Sankt Peterburgo traktas. Prie Egipto liuteron\u0173 ba\u017eny\u010dios pastatytas I klas\u0117s pa\u0161tas.<\/p>\n\n\n\n<hr class=\"wp-block-separator has-alpha-channel-opacity\"\/>\n\n\n\n<p><strong>PIRMOJO PASAULINIO KARO PAVELDAS<\/strong><\/p>\n\n\n\n<p>Pirmojo pasaulinio karo ekspozicija Medumuose \u2013 tai istorinis pasakojimas apie Pirm\u0105j\u012f pasaulin\u012f kar\u0105 tiek pasaulyje, tiek tokioje vietoje kaip Medumi, kur kelerius metus driek\u0117si vadinamoji \u201eGyvenimo ir mirties\u201c fronto linija. Ekspozicija 113 kv.m. plote ir susideda i\u0161 dviej\u0173 temini\u0173 blok\u0173.<\/p>\n\n\n\n<p>Pirmoji dalis skirta Pirmojo pasaulinio karo \u012fvykiams Europoje ir Latvijoje. \u010cia galima susipa\u017einti su kari\u0173 gyvenimu, su naujov\u0117mis, kilusiomis per Pirm\u0105j\u012f pasaulin\u012f kar\u0105, taip pat i\u0161tirti, kokius ginklus naudojo tiek Vokietijos, tiek Rusijos kariuomen\u0117s.<\/p>\n\n\n\n<p>Antrojoje sal\u0117je ekspozicijos lankytojai tur\u0117s galimyb\u0119 \u012fsik\u016bnyti \u012f kario vaidmen\u012f ir savo akimis patirti bunkeri\u0173 kasdienyb\u0119. Sal\u0117je sukurta rusi\u0161ko bunkerio imitacija &#8211; apkaso fragmentas su nedideliu i\u0161kasu, karo atributika, kari\u0173 manekenais. Ekspozicij\u0173 patalpose yra sukurti Rusijos kariuomen\u0117s bunkeriai, nes jie buvo pastatyti i\u0161 med\u017eio ir iki \u0161i\u0173 dien\u0173 nei\u0161liko, o betoninius vokie\u010di\u0173 kariuomen\u0117s bunkerius galima ap\u017ei\u016br\u0117ti aplankius tarptautin\u012f mar\u0161rut\u0105 per Bunkerius.<\/p>\n\n\n\n<p>Sal\u0117je su bunkerio imitacija didelis d\u0117mesys skirtas garso ir vaizdo aparat\u016brai, kuri suteiks galimyb\u0119 pajusti karo lauko atmosfer\u0105. \u0160iuolaikinio dizaino paroda \u012fdomi ir lengvai suprantama \u012fvairiai auditorijai. Ta\u010diau daugiau d\u0117mesio skiriama mokyklinio am\u017eiaus vaikams, kuriems parodos lankymas \u2013 tarsi pakartojimas to, ko jie i\u0161moksta istorijos pamokose.<\/p>\n\n\n\n<hr class=\"wp-block-separator has-alpha-channel-opacity\"\/>\n\n\n\n<h2 class=\"wp-block-heading\">Mar\u0161rutas per Pirmojo pasaulinio karo bunkerius<\/h2>\n\n\n\n<p>Tarptautinis \u017eiedinis mar\u0161rutas, vedantis per Medumu ir Demenes apylinkes, Auk\u0161dauguvos (Latvija) ir Zaras\u0173 rajone (Lietuva), yra \u012fsik\u016br\u0119s toje teritorijoje, aplink kuri\u0105 buvo i\u0161sid\u0117s\u010diusi tiek Rusijos, tiek Vokietijos kariuomen\u0117s gynybos linija Pirmojo pasaulinio karo laiku. Mar\u0161rutas skirtas \u017emon\u0117ms, m\u0117gstantiems ilgus pasivaik\u0161\u010diojimus ar pasiva\u017ein\u0117jim\u0105 dvira\u010diu. M\u016bs\u0173 ekspoziciju lankytoj\u0173 patogumui veikia dvira\u010di\u0173 nuoma, kurioje galima i\u0161sinuomoti tiek \u012fprastus, tiek elektrinius dvira\u010dius.<\/p>\n\n\n\n<figure class=\"wp-block-image size-large is-resized\"><img loading=\"lazy\" decoding=\"async\" src=\"https:\/\/ww1route.eu\/wp-content\/uploads\/2023\/02\/red-gradient-profile-photo-instagram-post-1-1024x1024.png\" alt=\"\" class=\"wp-image-2315\" width=\"366\" height=\"366\" srcset=\"https:\/\/ww1route.eu\/wp-content\/uploads\/2023\/02\/red-gradient-profile-photo-instagram-post-1-1024x1024.png 1024w, https:\/\/ww1route.eu\/wp-content\/uploads\/2023\/02\/red-gradient-profile-photo-instagram-post-1-300x300.png 300w, https:\/\/ww1route.eu\/wp-content\/uploads\/2023\/02\/red-gradient-profile-photo-instagram-post-1-768x768.png 768w, https:\/\/ww1route.eu\/wp-content\/uploads\/2023\/02\/red-gradient-profile-photo-instagram-post-1.png 1080w\" sizes=\"auto, (max-width: 366px) 100vw, 366px\" \/><\/figure>\n\n\n\n<p>Mar\u0161ruto \u017eem\u0117lapis:<\/p>\n\n\n\n<iframe loading=\"lazy\" src=\"https:\/\/www.google.com\/maps\/d\/embed?mid=1MZhPM2ztwcCIEfWndtskQ4FtLY7i7pA&amp;ehbc=2E312F\" width=\"100%\" height=\"480\"><\/iframe>\n","protected":false},"excerpt":{"rendered":"<p>Medumu prie\u0161kario istorija Iki Pirmojo pasaulinio karo dabartin\u0117s Medumu apylink\u0117s teritorija priklaus\u0117 Kur\u017eem\u0117s kunigaik\u0161tyst\u0117s Il\u016bkstes rajono Kurcumo apylinkei (\u012fkurta 1866 m.). Apylink\u0117i priklaus\u0117 keli dvarai &#8211; Kurcumo dvaras, Krivini\u0161ku dvaras, Girvi\u0161ku dvaras, Dervani\u0161ku dvaras, Laukesos dvaras, Ilz\u0117s ir Medumu dvaras, taip pat Egipto ba\u017eny\u010dios pusdvaras, trys alud\u0117s ir penki sand\u0117liai. Medumu dvaro savininkas, Rusijos armijos [&hellip;]<\/p>\n","protected":false},"author":1,"featured_media":0,"parent":359,"menu_order":0,"comment_status":"closed","ping_status":"closed","template":"","meta":{"footnotes":""},"class_list":["post-362","page","type-page","status-publish","hentry"],"acf":[],"_links":{"self":[{"href":"https:\/\/ww1route.eu\/lt\/wp-json\/wp\/v2\/pages\/362","targetHints":{"allow":["GET"]}}],"collection":[{"href":"https:\/\/ww1route.eu\/lt\/wp-json\/wp\/v2\/pages"}],"about":[{"href":"https:\/\/ww1route.eu\/lt\/wp-json\/wp\/v2\/types\/page"}],"author":[{"embeddable":true,"href":"https:\/\/ww1route.eu\/lt\/wp-json\/wp\/v2\/users\/1"}],"replies":[{"embeddable":true,"href":"https:\/\/ww1route.eu\/lt\/wp-json\/wp\/v2\/comments?post=362"}],"version-history":[{"count":5,"href":"https:\/\/ww1route.eu\/lt\/wp-json\/wp\/v2\/pages\/362\/revisions"}],"predecessor-version":[{"id":2852,"href":"https:\/\/ww1route.eu\/lt\/wp-json\/wp\/v2\/pages\/362\/revisions\/2852"}],"up":[{"embeddable":true,"href":"https:\/\/ww1route.eu\/lt\/wp-json\/wp\/v2\/pages\/359"}],"wp:attachment":[{"href":"https:\/\/ww1route.eu\/lt\/wp-json\/wp\/v2\/media?parent=362"}],"curies":[{"name":"wp","href":"https:\/\/api.w.org\/{rel}","templated":true}]}}