{"id":366,"date":"2022-08-22T13:21:59","date_gmt":"2022-08-22T10:21:59","guid":{"rendered":"https:\/\/ww1route.eu\/medumu-pirmojo-pasaulinio-karo-paroda\/par-mums\/kontakti\/"},"modified":"2023-03-09T15:05:12","modified_gmt":"2023-03-09T13:05:12","slug":"kontaktai","status":"publish","type":"page","link":"https:\/\/ww1route.eu\/lt\/medumu-pirmojo-pasaulinio-karo-paroda\/par-mums\/kontaktai\/","title":{"rendered":"Kontaktai"},"content":{"rendered":"\n<p>Alejas iela 20, Medumi, Medumi parapija,<br>Aug\u0161daugavos vls., LV\u20135460<br>telefonas: <a href=\"tel:+37129431360\">+371 29431360<\/a><br>pa\u0161tas:<a href=\"mailto: turisms@augsdaugavasnovads.lv\"> turisms@augsdaugavasnovads.lv<\/a><\/p>\n\n\n\n<br>\n\n\n\n<p><strong>KAIP MUS RASTI<\/strong><\/p>\n\n\n\n<p><\/p>\n\n\n\n<p>\u201ePirmojo pasaulinio karo ekspozicija\u201c Medumuose, Auk\u0161dauguvos kra\u0161te. Geografin\u0117s muziejaus vietos koordinat\u0117s: (platuma) 55,78355 (ilguma) 26,35024 Galima atvykti va\u017eiuojant greitkeliu A13 Daugpilis &#8211; Kaunas iki Medumi (apie 15 km nuo Daugpilio), prie parduotuv\u0117s sukite \u012f de\u0161in\u0119. Ekspozicija yra Medumu parko \u0161irdyje. Prie ekspozicijos yra automobili\u0173 stov\u0117jimo aik\u0161tel\u0117 (galima pastatyti ir turistin\u012f autobus\u0105)<br><br><\/p>\n\n\n\n<iframe src=\"https:\/\/www.google.com\/maps\/embed?pb=!1m18!1m12!1m3!1d6346.071004064617!2d26.360415227953073!3d55.78151758859295!2m3!1f0!2f0!3f0!3m2!1i1024!2i768!4f13.1!3m3!1m2!1s0x46c2bbf51791179d%3A0xf0162ecc64cd33b6!2sAlejas%20iela%2020%2C%20Medumi%2C%20Medumu%20pagasti%2C%20LV-5460!5e0!3m2!1slv!2slv!4v1661259691375!5m2!1slv!2slv\" width=\"100%\" height=\"450\" style=\"border:0;\" allowfullscreen=\"\" loading=\"lazy\" referrerpolicy=\"no-referrer-when-downgrade\"><\/iframe>\n","protected":false},"excerpt":{"rendered":"<p>Alejas iela 20, Medumi, Medumi parapija,Aug\u0161daugavos vls., LV\u20135460telefonas: +371 29431360pa\u0161tas: turisms@augsdaugavasnovads.lv KAIP MUS RASTI \u201ePirmojo pasaulinio karo ekspozicija\u201c Medumuose, Auk\u0161dauguvos kra\u0161te. Geografin\u0117s muziejaus vietos koordinat\u0117s: (platuma) 55,78355 (ilguma) 26,35024 Galima atvykti va\u017eiuojant greitkeliu A13 Daugpilis &#8211; Kaunas iki Medumi (apie 15 km nuo Daugpilio), prie parduotuv\u0117s sukite \u012f de\u0161in\u0119. Ekspozicija yra Medumu parko \u0161irdyje. Prie [&hellip;]<\/p>\n","protected":false},"author":1,"featured_media":0,"parent":359,"menu_order":0,"comment_status":"closed","ping_status":"closed","template":"","meta":{"footnotes":""},"class_list":["post-366","page","type-page","status-publish","hentry"],"acf":[],"_links":{"self":[{"href":"https:\/\/ww1route.eu\/lt\/wp-json\/wp\/v2\/pages\/366","targetHints":{"allow":["GET"]}}],"collection":[{"href":"https:\/\/ww1route.eu\/lt\/wp-json\/wp\/v2\/pages"}],"about":[{"href":"https:\/\/ww1route.eu\/lt\/wp-json\/wp\/v2\/types\/page"}],"author":[{"embeddable":true,"href":"https:\/\/ww1route.eu\/lt\/wp-json\/wp\/v2\/users\/1"}],"replies":[{"embeddable":true,"href":"https:\/\/ww1route.eu\/lt\/wp-json\/wp\/v2\/comments?post=366"}],"version-history":[{"count":3,"href":"https:\/\/ww1route.eu\/lt\/wp-json\/wp\/v2\/pages\/366\/revisions"}],"predecessor-version":[{"id":2854,"href":"https:\/\/ww1route.eu\/lt\/wp-json\/wp\/v2\/pages\/366\/revisions\/2854"}],"up":[{"embeddable":true,"href":"https:\/\/ww1route.eu\/lt\/wp-json\/wp\/v2\/pages\/359"}],"wp:attachment":[{"href":"https:\/\/ww1route.eu\/lt\/wp-json\/wp\/v2\/media?parent=366"}],"curies":[{"name":"wp","href":"https:\/\/api.w.org\/{rel}","templated":true}]}}