{"id":374,"date":"2022-08-30T11:33:15","date_gmt":"2022-08-30T08:33:15","guid":{"rendered":"https:\/\/ww1route.eu\/?page_id=374"},"modified":"2023-03-09T15:28:59","modified_gmt":"2023-03-09T13:28:59","slug":"apie-projekta","status":"publish","type":"page","link":"https:\/\/ww1route.eu\/lt\/apie-projekta\/","title":{"rendered":"Apie projekt\u0105"},"content":{"rendered":"\n<p>Pirmasis pasaulinis karas paliko ilgalaikius randus ne tik \u017emoni\u0173 likimuose ir \u0161irdyse, bet ir didel\u0117je dabartin\u0117s Latvijos bei Lietuvos teritorijoje, kur kelet\u0105 metu vyko taip vadinamas \u201eGyvenimo ir mirties\u201c m\u016b\u0161is. Abiejose fronto linijos pus\u0117se buvo pastatyta sud\u0117tinga \u012ftvirtinim\u0173 sistema su apkasais ir bunkeriais.<\/p>\n\n\n\n<p>\u010cia \u012fnirtingose \u200b\u200bkautyn\u0117se kov\u0117si ir \u017euvo t\u016bkstan\u010diai kari\u0173, apie tai byloja daugyb\u0117 \u017euvusi\u0173 kari\u0173 kapavie\u010di\u0173. Auk\u0161daugavos kra\u0161to Demen\u0117s, \u0160vent\u0117s ir Medumu mi\u0161kuose iki \u0161i\u0173 dien\u0173 i\u0161liko daug vokie\u010di\u0173 kari\u0173 pastatyt\u0173 betonini\u0173 bunkeri\u0173, \u012fsp\u016bding\u0173 patrank\u0173 ir amunicijos saugykl\u0173, begal\u0117s apkas\u0173 vingi\u0173.<\/p>\n\n\n\n<p>Projekto u\u017euomazgos ie\u0161komos Medumu pradin\u0117je mokykloje ir pas vietinius kolekcininkus, kurie Medumuose suk\u016br\u0117 nedideles priva\u010dias kolekcijas, kuriomis gal\u0117t\u0173 did\u017eiuotis net dideli muziejai. Atsi\u017evelgiant \u012f turting\u0105 istorin\u012f paveld\u0105, istorijos mokytoja Miropija Petkune ilg\u0105 laik\u0105 veda istorijos pamokas. Pamokos vyksta ne kabinete, kaip \u012fprasta, o prie karo palikt\u0173 bunkeri\u0173 ir apkas\u0173.<\/p>\n\n\n\n<p>2015 metais Auk\u0161dauguvos kra\u0161to savivaldyb\u0117s institucijos \u201eTAKA\u201c darbuotojai suk\u016br\u0117 turistin\u012f mar\u0161rut\u0105 \u201ePer Pirmojo pasaulinio karo bunkerius\u201c. Ekskursijos metu buvo galima pamatyti bunkerius, tran\u0161\u0117jas, aplankyti priva\u010dias kolekcijas ir papietauti lauko virtuv\u0117s s\u0105lygomis.<\/p>\n\n\n\n<p>Pana\u0161\u0173 mar\u0161rut\u0105 suk\u016br\u0117 ir Lietuvos pus\u0117s darbuotojai i\u0161 Zaras\u0173 TIC. 2019 metais kilo bendra id\u0117ja para\u0161yti projekt\u0105, kuris leist\u0173 pateiktas veiklas pristatyti kitokiu, daug auk\u0161tesniu lygiu, taip pat duot\u0173 ekonomin\u012f ind\u0117l\u012f \u012f m\u016bs\u0173 region\u0105. Rengiant duot\u0105 projekt\u0105 aktyviai dirbo savivaldyb\u0117s agent\u016bros \u201eTAKA\u201c darbuotojai Jana Kezika ir Rolands Gradkovskis bei i\u0161 Zaras\u0173 pus\u0117s Ram\u016bnas Ker\u0161ys ir Nijole Elena \u0160uk\u0161tuliene.<\/p>\n\n\n\n<p>Nuo 2021 m. sausio 25 d. Auk\u0161dauguvos kra\u0161to taryba kaip vadovaujantis partneris ir Zaras\u0173 rajono turizmo ir verslo informacijos centras prad\u0117jo \u012fgyvendinti projekt\u0105 \u201ePirmojo pasaulinio karo paveldo turizmo mar\u0161ruto ir ekspozicijos suk\u016brimas, siekiant pritraukti lankytojus pasienio zona\u201c. Projekto tikslas \u2013 padidinti lankytoj\u0173 skai\u010di\u0173 Lietuvos ir Latvijos pasienio regionuose, pasinaudojant Pirmojo pasaulinio karo paveldu, esan\u010diu Auk\u0161dauguvos ir Zaras\u0173 apskrityse.<\/p>\n\n\n\n<p>Pirmojo pasaulinio karo metais vokie\u010di\u0173 kariuomen\u0117 suk\u016br\u0117 unikali\u0105 daugiau nei \u0161imt\u0105 met\u0173 i\u0161saugota ir turistams \u012fdomi\u0105 \u012ftvirtinim\u0173 sistem\u0105.<\/p>\n\n\n\n<p>\u012egyvendinus projekt\u0105 Turmante (Lietuva) ir Medumuose (Latvija) per 2 metus buvo sukurtos I pasaulinio karo ekspozicijos, sutvarkyta infrastrukt\u016bra ir sukurtas tarptautinis turistinis mar\u0161rutas.<\/p>\n\n\n\n<p>Su Pirmojo pasaulinio karo istoriniu paveldu galite susipa\u017einti ir turistiniame mar\u0161rute, kur\u012f sudaro kariniai objektai Latvijos ir Lietuvos teritorijoje, i\u0161lik\u0119 gana geros b\u016bkl\u0117s abipus sienos. \u012egyvendinant projekt\u0105 \u0161ie \u012frenginiai buvo patobulinti, \u012frengti kelio \u017eenklai, informaciniai stendai. Kadangi patalpos yra gana toli viena nuo kitos, lankytoj\u0173 patogumui si\u016bloma 20 dvira\u010di\u0173 bei 10 elektrini\u0173 dvira\u010di\u0173, pritaikyt\u0173 \u012fvairaus fizinio pasirengimo \u017emon\u0117ms.<\/p>\n\n\n\n<p>Interreg V-A Latvijos ir Lietuvos tarpvalstybinio bendradarbiavimo programos tikslas \u2013 skatinti tvari\u0105 Programos region\u0173 socialin\u0119 ir ekonomin\u0119 pl\u0117tr\u0105, padedant juos padaryti konkurencingesnius ir patrauklesnius gyvenimui, verslui ir turizmui. Turizmo sraut\u0173 padid\u0117jimas tur\u0117s naudos ir vietiniams gyventojams bei verslininkams. Bus organizuojami gid\u0173 mokymai, kurie suteiks vietiniams gyventojams nauj\u0173 darbo galimybi\u0173. Savo paslaugas lankytojams si\u016blantys verslininkai savo informacij\u0105 nemokamai gal\u0117s talpinti projekto svetain\u0117je ir dalomojoje med\u017eiagoje.<\/p>\n\n\n\n<p>Bendras projekto finansavimas \u2013 731 449,50 Eur, \u012fsk. 85% ERPF finansavimas 621 732,07 Eur; Auk\u0161dauguvos kra\u0161to tarybos finansavimas 385 179,50 Eur, \u012fsk. 85 % ERPF finansavimas 327 402,57 Eur. Projektas \u012fgyvendintas per 2 metus (2021-01-25 &#8211; 2023-01-24).<\/p>\n","protected":false},"excerpt":{"rendered":"<p>Pirmasis pasaulinis karas paliko ilgalaikius randus ne tik \u017emoni\u0173 likimuose ir \u0161irdyse, bet ir didel\u0117je dabartin\u0117s Latvijos bei Lietuvos teritorijoje, kur kelet\u0105 metu vyko taip vadinamas \u201eGyvenimo ir mirties\u201c m\u016b\u0161is. Abiejose fronto linijos pus\u0117se buvo pastatyta sud\u0117tinga \u012ftvirtinim\u0173 sistema su apkasais ir bunkeriais. \u010cia \u012fnirtingose \u200b\u200bkautyn\u0117se kov\u0117si ir \u017euvo t\u016bkstan\u010diai kari\u0173, apie tai byloja daugyb\u0117 [&hellip;]<\/p>\n","protected":false},"author":1,"featured_media":0,"parent":0,"menu_order":0,"comment_status":"closed","ping_status":"closed","template":"page-templates\/page-sidebar-none.php","meta":{"footnotes":""},"class_list":["post-374","page","type-page","status-publish","hentry"],"acf":[],"_links":{"self":[{"href":"https:\/\/ww1route.eu\/lt\/wp-json\/wp\/v2\/pages\/374","targetHints":{"allow":["GET"]}}],"collection":[{"href":"https:\/\/ww1route.eu\/lt\/wp-json\/wp\/v2\/pages"}],"about":[{"href":"https:\/\/ww1route.eu\/lt\/wp-json\/wp\/v2\/types\/page"}],"author":[{"embeddable":true,"href":"https:\/\/ww1route.eu\/lt\/wp-json\/wp\/v2\/users\/1"}],"replies":[{"embeddable":true,"href":"https:\/\/ww1route.eu\/lt\/wp-json\/wp\/v2\/comments?post=374"}],"version-history":[{"count":3,"href":"https:\/\/ww1route.eu\/lt\/wp-json\/wp\/v2\/pages\/374\/revisions"}],"predecessor-version":[{"id":2857,"href":"https:\/\/ww1route.eu\/lt\/wp-json\/wp\/v2\/pages\/374\/revisions\/2857"}],"wp:attachment":[{"href":"https:\/\/ww1route.eu\/lt\/wp-json\/wp\/v2\/media?parent=374"}],"curies":[{"name":"wp","href":"https:\/\/api.w.org\/{rel}","templated":true}]}}