{"id":524,"date":"2022-09-05T08:55:35","date_gmt":"2022-09-05T05:55:35","guid":{"rendered":"http:\/\/ww1route.eu\/?page_id=524"},"modified":"2023-02-16T08:53:33","modified_gmt":"2023-02-16T06:53:33","slug":"kainorastis","status":"publish","type":"page","link":"https:\/\/ww1route.eu\/lt\/turmantas-pirmojo-pasaulinio-karo-paroda\/lankytojams-2\/kainorastis\/","title":{"rendered":"Kainora\u0161tis"},"content":{"rendered":"\n<figure class=\"wp-block-table\"><table><tbody><tr><td>\u012e\u0117jimo mokestis mokiniams, studentams, senjorams, speciali\u0173j\u0173 poreiki\u0173 asmeniui<\/td><td>\u20ac 1.00<\/td><\/tr><tr><td>\u012e\u0117jimo mokestis suaugusiems<\/td><td>\u20ac 3.00<\/td><\/tr><tr><td>Temin\u0117s ekskursijos\/programos<\/td><td>&nbsp;<\/td><\/tr><tr><td>Gido paslaugos parod\u0173 centre grupei iki 10 \u017emoni\u0173<\/td><td>\u20ac 4.50<\/td><\/tr><tr><td>Gido paslaugos parod\u0173 centre grupei iki 30 \u017emoni\u0173<\/td><td>\u20ac 7.00<\/td><\/tr><tr><td>Muziejaus edukacin\u0117 programa (1 asmeniui)<\/td><td>\u20ac 3.00<\/td><\/tr><tr><td>Gido paslaugos gamtoje (va\u017ein\u0117jimas dvira\u010diu) grupei iki 10 asm.\/val<\/td><td>\u20ac&nbsp;30.00<\/td><\/tr><tr><td>Gido paslaugos gamtoje (va\u017ein\u0117jimas dvira\u010diu) grupei iki 30 \u017em.\/val<\/td><td>\u20ac&nbsp;50.00&nbsp;<\/td><\/tr><tr><td>Ekskursij\u0173 ir \u017eygi\u0173 kaina derinama individualiai su organizatoriais (kaina priklauso nuo laiko ir grup\u0117s dyd\u017eio)&nbsp;<\/td><td>\u20ac&nbsp;50.00&nbsp;&nbsp;-\u20ac150.00&nbsp;&nbsp;<\/td><\/tr><tr><td>Dvira\u010di\u0173 nuoma<\/td><td><\/td><\/tr><tr><td>Dvira\u010di\u0173 nuoma<\/td><td>\u20ac 5.00\/h arba \u20ac 15.00\/ dienai<\/td><\/tr><tr><td>Elektrini\u0173 dvira\u010di\u0173 nuoma\/val<\/td><td>\u20ac 10.00\/h arba \u20ac 30.00\/dienai<\/td><\/tr><tr><td>Dvira\u010dio kablio nuoma<\/td><td>\u20ac 10.00\/dienai<\/td><\/tr><tr><td>Dvira\u010di\u0173 transportavimo paslauga<\/td><td>\u20ac\u00a075,00 dienai<\/td><\/tr><\/tbody><\/table><\/figure>\n","protected":false},"excerpt":{"rendered":"<p>\u012e\u0117jimo mokestis mokiniams, studentams, senjorams, speciali\u0173j\u0173 poreiki\u0173 asmeniui \u20ac 1.00 \u012e\u0117jimo mokestis suaugusiems \u20ac 3.00 Temin\u0117s ekskursijos\/programos &nbsp; Gido paslaugos parod\u0173 centre grupei iki 10 \u017emoni\u0173 \u20ac 4.50 Gido paslaugos parod\u0173 centre grupei iki 30 \u017emoni\u0173 \u20ac 7.00 Muziejaus edukacin\u0117 programa (1 asmeniui) \u20ac 3.00 Gido paslaugos gamtoje (va\u017ein\u0117jimas dvira\u010diu) grupei iki 10 asm.\/val \u20ac&nbsp;30.00 [&hellip;]<\/p>\n","protected":false},"author":1,"featured_media":0,"parent":517,"menu_order":0,"comment_status":"closed","ping_status":"closed","template":"","meta":{"footnotes":""},"class_list":["post-524","page","type-page","status-publish","hentry"],"acf":[],"_links":{"self":[{"href":"https:\/\/ww1route.eu\/lt\/wp-json\/wp\/v2\/pages\/524","targetHints":{"allow":["GET"]}}],"collection":[{"href":"https:\/\/ww1route.eu\/lt\/wp-json\/wp\/v2\/pages"}],"about":[{"href":"https:\/\/ww1route.eu\/lt\/wp-json\/wp\/v2\/types\/page"}],"author":[{"embeddable":true,"href":"https:\/\/ww1route.eu\/lt\/wp-json\/wp\/v2\/users\/1"}],"replies":[{"embeddable":true,"href":"https:\/\/ww1route.eu\/lt\/wp-json\/wp\/v2\/comments?post=524"}],"version-history":[{"count":3,"href":"https:\/\/ww1route.eu\/lt\/wp-json\/wp\/v2\/pages\/524\/revisions"}],"predecessor-version":[{"id":1981,"href":"https:\/\/ww1route.eu\/lt\/wp-json\/wp\/v2\/pages\/524\/revisions\/1981"}],"up":[{"embeddable":true,"href":"https:\/\/ww1route.eu\/lt\/wp-json\/wp\/v2\/pages\/517"}],"wp:attachment":[{"href":"https:\/\/ww1route.eu\/lt\/wp-json\/wp\/v2\/media?parent=524"}],"curies":[{"name":"wp","href":"https:\/\/api.w.org\/{rel}","templated":true}]}}