{"id":530,"date":"2022-09-05T08:56:58","date_gmt":"2022-09-05T05:56:58","guid":{"rendered":"http:\/\/ww1route.eu\/?page_id=530"},"modified":"2024-06-06T11:41:03","modified_gmt":"2024-06-06T08:41:03","slug":"darbo-laikas","status":"publish","type":"page","link":"https:\/\/ww1route.eu\/lt\/turmantas-pirmojo-pasaulinio-karo-paroda\/lankytojams-2\/darbo-laikas\/","title":{"rendered":"Darbo laikas"},"content":{"rendered":"\n<p><strong>Zaras\u0173 turizmo ir verslo informacijos centro bei Pirmojo pasaulinio karo ekspozicijos darbo laikas&nbsp;<\/strong><\/p>\n\n\n\n<p>Tre\u010diadien\u012f &#8211; 13:00\u00a0&#8211;\u00a017:00\u00a0<\/p>\n\n\n\n<p>Galimi u\u017esakymai ir kitu laiku. Laikai derinami tel. i\u0161 anksto &#8211; +37062023114.<\/p>\n\n\n\n<p><strong>KAIP MUS PASIEKTI<\/strong><\/p>\n\n\n\n<p>Mar\u0161rut\u0105 ,,Pirmojo pasaulinio karo p\u0117dsakais\u201c i\u0161 Lietuvos pus\u0117s rekomenduojame prad\u0117ti arba nuo Zaras\u0173 rajono savivaldyb\u0117s arba atvykus \u012f Turmanto miestel\u012f. Rekomenduojame keliauti su m\u016bs\u0173 parengtais gidais, kuri\u0173 kontaktus gausite Zaras\u0173 turizmo ir verslo informacijos centre.&nbsp;<\/p>\n\n\n\n<p>Daugiausia pirmojo Pasaulinio karo objekt\u0173 rasite Turmanto seni\u016bnijoje, o pati mar\u0161rut\u0105 si\u016blome prad\u0117ti ap\u017ei\u016brint Pirmojo pasaulinio karo ekspozicij\u0105 Turmante. Mar\u0161rutas yra lengvai modifikuojamas, atsi\u017evelgiant \u012f grup\u0117s turim\u0105 laik\u0105 ir poreikius.&nbsp;<\/p>\n\n\n\n<p>Turmantas \u2013 miestelis Zaras\u0173 rajono savivaldyb\u0117je, 1 km \u012f pietus nuo Lietuvos ir Latvijos valstyb\u0117s sienos, 16km \u012f rytus nuo Zaras\u0173, prie Turmanto e\u017eer\u0117lio. Turmanto gele\u017einkelio stotis (ruo\u017eas Vilnius\u2013Turmantas). Miestelis pasiekiamas ir traukiniu, ir mar\u0161rutiniais autobusais.&nbsp;Nors visi objektai yra \u0161alia keli\u0173, rekomenduojame keliauti mar\u0161rutu dvira\u010diais.&nbsp;<\/p>\n\n\n\n<p><\/p>\n\n\n\n<p><strong>Pirmojo pasaulinio karo ekspozicija yra Turmanto miestelio centre, Zaras\u0173 rajone. Ekspozicija \u012fkurta Turmanto miestelio patalpose.<\/strong> Kontaktinis telefonas &#8211; +37062023114<\/p>\n\n\n\n<p><strong><a href=\"https:\/\/www.google.com\/search?client=safari&amp;rls=en&amp;sxsrf=AJOqlzWnALK19JSgaTZIpXJWha4UFjObAQ:1676527556784&amp;q=turmanto+pagrindin%C4%97+mokykla+adresas&amp;ludocid=5968477052279766043&amp;sa=X&amp;ved=2ahUKEwiSsunrr5n9AhU08rsIHW0BAYYQ6BN6BAg6EAI\">Adresas<\/a>:&nbsp;<\/strong>Til\u017e\u0117s g. 21, 32203 Turmantas<\/p>\n\n\n\n<p><strong>Pirmojo pasaulinio karo ekspozicijos Turmante koordinat\u0117s<\/strong><\/p>\n\n\n\n<p>655106, 6175823 (LKS)<br>55.692257, 26.467164 (WGS)<br>55\u00b0 41&#8242; 32.13&#8243;, 26\u00b0 28&#8242; 1.79&#8243; (WGS)<\/p>\n\n\n\n<p><\/p>\n","protected":false},"excerpt":{"rendered":"<p>Zaras\u0173 turizmo ir verslo informacijos centro bei Pirmojo pasaulinio karo ekspozicijos darbo laikas&nbsp; Tre\u010diadien\u012f &#8211; 13:00\u00a0&#8211;\u00a017:00\u00a0 Galimi u\u017esakymai ir kitu laiku. Laikai derinami tel. i\u0161 anksto &#8211; +37062023114. KAIP MUS PASIEKTI Mar\u0161rut\u0105 ,,Pirmojo pasaulinio karo p\u0117dsakais\u201c i\u0161 Lietuvos pus\u0117s rekomenduojame prad\u0117ti arba nuo Zaras\u0173 rajono savivaldyb\u0117s arba atvykus \u012f Turmanto miestel\u012f. Rekomenduojame keliauti su m\u016bs\u0173 [&hellip;]<\/p>\n","protected":false},"author":1,"featured_media":0,"parent":517,"menu_order":0,"comment_status":"closed","ping_status":"closed","template":"","meta":{"footnotes":""},"class_list":["post-530","page","type-page","status-publish","hentry"],"acf":[],"_links":{"self":[{"href":"https:\/\/ww1route.eu\/lt\/wp-json\/wp\/v2\/pages\/530","targetHints":{"allow":["GET"]}}],"collection":[{"href":"https:\/\/ww1route.eu\/lt\/wp-json\/wp\/v2\/pages"}],"about":[{"href":"https:\/\/ww1route.eu\/lt\/wp-json\/wp\/v2\/types\/page"}],"author":[{"embeddable":true,"href":"https:\/\/ww1route.eu\/lt\/wp-json\/wp\/v2\/users\/1"}],"replies":[{"embeddable":true,"href":"https:\/\/ww1route.eu\/lt\/wp-json\/wp\/v2\/comments?post=530"}],"version-history":[{"count":5,"href":"https:\/\/ww1route.eu\/lt\/wp-json\/wp\/v2\/pages\/530\/revisions"}],"predecessor-version":[{"id":3036,"href":"https:\/\/ww1route.eu\/lt\/wp-json\/wp\/v2\/pages\/530\/revisions\/3036"}],"up":[{"embeddable":true,"href":"https:\/\/ww1route.eu\/lt\/wp-json\/wp\/v2\/pages\/517"}],"wp:attachment":[{"href":"https:\/\/ww1route.eu\/lt\/wp-json\/wp\/v2\/media?parent=530"}],"curies":[{"name":"wp","href":"https:\/\/api.w.org\/{rel}","templated":true}]}}