{"id":537,"date":"2022-09-05T09:00:39","date_gmt":"2022-09-05T06:00:39","guid":{"rendered":"http:\/\/ww1route.eu\/?page_id=537"},"modified":"2023-02-16T08:51:40","modified_gmt":"2023-02-16T06:51:40","slug":"ekskursijos-su-gidu","status":"publish","type":"page","link":"https:\/\/ww1route.eu\/lt\/turmantas-pirmojo-pasaulinio-karo-paroda\/lankytojams-2\/ekskursijos-su-gidu\/","title":{"rendered":"Ekskursijos"},"content":{"rendered":"\n<p><strong>Ekskursijas Latvijos teritorijoje<\/strong> galima u\u017esisakyti skambinant telefono numeriais +371 29431360, +371 26274123 arba siun\u010diant pra\u0161ym\u0105 el. pa\u0161tu info@www1route.lv, turisms@augsdaugavasnovads.lv. <\/p>\n\n\n\n<p><strong>U\u017esisakyti ekskursijas po Lietuvos teritorij\u0105<\/strong> galima telefono numeriais +370 62023114, +370 38537171 arba siun\u010diant pra\u0161ym\u0105 el.pa\u0161tu info@ww1route.lt <\/p>\n\n\n\n<p>Visais \u0161iais kontaktais galima u\u017esisakyti ekskursijas,\u017eygius mar\u0161rutu abipus sienos.  <\/p>\n","protected":false},"excerpt":{"rendered":"<p>Ekskursijas Latvijos teritorijoje galima u\u017esisakyti skambinant telefono numeriais +371 29431360, +371 26274123 arba siun\u010diant pra\u0161ym\u0105 el. pa\u0161tu info@www1route.lv, turisms@augsdaugavasnovads.lv. U\u017esisakyti ekskursijas po Lietuvos teritorij\u0105 galima telefono numeriais +370 62023114, +370 38537171 arba siun\u010diant pra\u0161ym\u0105 el.pa\u0161tu info@ww1route.lt Visais \u0161iais kontaktais galima u\u017esisakyti ekskursijas,\u017eygius mar\u0161rutu abipus sienos.<\/p>\n","protected":false},"author":1,"featured_media":0,"parent":517,"menu_order":0,"comment_status":"closed","ping_status":"closed","template":"","meta":{"footnotes":""},"class_list":["post-537","page","type-page","status-publish","hentry"],"acf":[],"_links":{"self":[{"href":"https:\/\/ww1route.eu\/lt\/wp-json\/wp\/v2\/pages\/537","targetHints":{"allow":["GET"]}}],"collection":[{"href":"https:\/\/ww1route.eu\/lt\/wp-json\/wp\/v2\/pages"}],"about":[{"href":"https:\/\/ww1route.eu\/lt\/wp-json\/wp\/v2\/types\/page"}],"author":[{"embeddable":true,"href":"https:\/\/ww1route.eu\/lt\/wp-json\/wp\/v2\/users\/1"}],"replies":[{"embeddable":true,"href":"https:\/\/ww1route.eu\/lt\/wp-json\/wp\/v2\/comments?post=537"}],"version-history":[{"count":5,"href":"https:\/\/ww1route.eu\/lt\/wp-json\/wp\/v2\/pages\/537\/revisions"}],"predecessor-version":[{"id":1978,"href":"https:\/\/ww1route.eu\/lt\/wp-json\/wp\/v2\/pages\/537\/revisions\/1978"}],"up":[{"embeddable":true,"href":"https:\/\/ww1route.eu\/lt\/wp-json\/wp\/v2\/pages\/517"}],"wp:attachment":[{"href":"https:\/\/ww1route.eu\/lt\/wp-json\/wp\/v2\/media?parent=537"}],"curies":[{"name":"wp","href":"https:\/\/api.w.org\/{rel}","templated":true}]}}