{"id":556,"date":"2022-09-05T09:07:41","date_gmt":"2022-09-05T06:07:41","guid":{"rendered":"http:\/\/ww1route.eu\/?page_id=556"},"modified":"2023-02-16T08:41:38","modified_gmt":"2023-02-16T06:41:38","slug":"kontaktai","status":"publish","type":"page","link":"https:\/\/ww1route.eu\/lt\/turmantas-pirmojo-pasaulinio-karo-paroda\/apie-mus\/kontaktai\/","title":{"rendered":"Kontaktai"},"content":{"rendered":"\n<p><a href=\"http:\/\/www.visitzarasai.lt\/\">V\u0161\u012e Zaras\u0173 turizmo ir verslo&nbsp;informacijos centras<\/a><br>Adresas: S\u0117li\u0173 a. 22, Zarasai, LT-32110<br>Tel.: +370 682 40988, +370 385 37171<br>El.pa\u0161tas: turizmas@zarasai.lt<br>Interneto svetain\u0117s adresas:&nbsp;<a href=\"http:\/\/www.visitzarasai.lt\/\">www.visitzarasai.lt<\/a><\/p>\n\n\n\n<p><em>Darbo laikas:<\/em><\/p>\n\n\n\n<p><em>pirmadien\u012f-ketvirtadien\u012f&nbsp;8:00&nbsp;&#8211;&nbsp;17:00&nbsp;<\/em><\/p>\n\n\n\n<p><em>penktadien\u012f&nbsp;8:00&nbsp;&#8211;&nbsp;15:45&nbsp;<\/em><\/p>\n\n\n\n<p><em>(piet\u0173 pertrauka&nbsp;12:00&nbsp;&#8211;&nbsp;12:45)<\/em><\/p>\n\n\n\n<p>D\u0117l \u017eygi\u0173, ekskursij\u0173 Pirmojo pasaulinio karo p\u0117dsakais u\u017esakymo ir ekspozicijos lankymo teiraukit\u0117s tel.&nbsp;+37062023114&nbsp;arba el.&nbsp;pa\u0161tu info@ww1route.lt<\/p>\n\n\n\n<p><\/p>\n","protected":false},"excerpt":{"rendered":"<p>V\u0161\u012e Zaras\u0173 turizmo ir verslo&nbsp;informacijos centrasAdresas: S\u0117li\u0173 a. 22, Zarasai, LT-32110Tel.: +370 682 40988, +370 385 37171El.pa\u0161tas: turizmas@zarasai.ltInterneto svetain\u0117s adresas:&nbsp;www.visitzarasai.lt Darbo laikas: pirmadien\u012f-ketvirtadien\u012f&nbsp;8:00&nbsp;&#8211;&nbsp;17:00&nbsp; penktadien\u012f&nbsp;8:00&nbsp;&#8211;&nbsp;15:45&nbsp; (piet\u0173 pertrauka&nbsp;12:00&nbsp;&#8211;&nbsp;12:45) D\u0117l \u017eygi\u0173, ekskursij\u0173 Pirmojo pasaulinio karo p\u0117dsakais u\u017esakymo ir ekspozicijos lankymo teiraukit\u0117s tel.&nbsp;+37062023114&nbsp;arba el.&nbsp;pa\u0161tu info@ww1route.lt<\/p>\n","protected":false},"author":1,"featured_media":0,"parent":543,"menu_order":4,"comment_status":"closed","ping_status":"closed","template":"","meta":{"footnotes":""},"class_list":["post-556","page","type-page","status-publish","hentry"],"acf":[],"_links":{"self":[{"href":"https:\/\/ww1route.eu\/lt\/wp-json\/wp\/v2\/pages\/556","targetHints":{"allow":["GET"]}}],"collection":[{"href":"https:\/\/ww1route.eu\/lt\/wp-json\/wp\/v2\/pages"}],"about":[{"href":"https:\/\/ww1route.eu\/lt\/wp-json\/wp\/v2\/types\/page"}],"author":[{"embeddable":true,"href":"https:\/\/ww1route.eu\/lt\/wp-json\/wp\/v2\/users\/1"}],"replies":[{"embeddable":true,"href":"https:\/\/ww1route.eu\/lt\/wp-json\/wp\/v2\/comments?post=556"}],"version-history":[{"count":6,"href":"https:\/\/ww1route.eu\/lt\/wp-json\/wp\/v2\/pages\/556\/revisions"}],"predecessor-version":[{"id":1969,"href":"https:\/\/ww1route.eu\/lt\/wp-json\/wp\/v2\/pages\/556\/revisions\/1969"}],"up":[{"embeddable":true,"href":"https:\/\/ww1route.eu\/lt\/wp-json\/wp\/v2\/pages\/543"}],"wp:attachment":[{"href":"https:\/\/ww1route.eu\/lt\/wp-json\/wp\/v2\/media?parent=556"}],"curies":[{"name":"wp","href":"https:\/\/api.w.org\/{rel}","templated":true}]}}