{"id":563,"date":"2022-09-05T09:08:50","date_gmt":"2022-09-05T06:08:50","guid":{"rendered":"http:\/\/ww1route.eu\/?page_id=563"},"modified":"2022-12-14T09:53:08","modified_gmt":"2022-12-14T07:53:08","slug":"muziejaus-istorija","status":"publish","type":"page","link":"https:\/\/ww1route.eu\/lt\/turmantas-pirmojo-pasaulinio-karo-paroda\/apie-mus\/muziejaus-istorija\/","title":{"rendered":"Ekspozicijos istorija"},"content":{"rendered":"\n<p>Nuosekl\u016bs Pirmojo pasaulinio karo palikimo tyrin\u0117jimai Zaras\u0173 kra\u0161te prasid\u0117jo dar 2006 m., kai buvo karo istorik\u0173 Valdo Raku\u010dio ir Vladimiro Orlovo iniciatyva buvo suorganizuota \u017evalgomoji\/tiriamoji ekspedicija po Turmanto seni\u016bnijos apylink\u0117se, o v\u0117liau ir konferencija \u0161iam paveldui pristatyti. Tyrin\u0117jim\u0173 med\u017eiaga apra\u0161yta Vladimiro Orlovoje knygoje\u00a0<a href=\"http:\/\/www.septintasfortas.lt\/knygos\/xx_fortifikacija.pdf\" data-type=\"URL\" data-id=\"http:\/\/www.septintasfortas.lt\/knygos\/xx_fortifikacija.pdf\">\u00a0\u201e<strong>XX am\u017eiaus fortifikacija Lietuvoje<\/strong>&#8221; <\/a><\/p>\n\n\n\n<p>Tyrin\u0117jim\u0173&nbsp;&nbsp;pagrindu pirmieji&nbsp;&nbsp;septyni objektai buvo \u012ftraukti \u012f Nekilnojamo Kult\u016bros paveldo vertybi\u0173 registr\u0105. Jau tada buvo gimusi iniciatyva ir si\u016blymai kurti Pirmojo pasaulinio karo ekspozicij\u0105 Turmante ir atvir\u0105 muziej\u0173 po dangumi sukuriant turistin\u012f mar\u0161rut\u0105 ir aplankant vokie\u010di\u0173 kaizerinis kariuomen\u0117s sukurt\u0105 fortifikacij\u0105.<\/p>\n\n\n\n<p>V\u0117liau \u0161ios teritorijos tyrin\u0117jimai r\u0117m\u0117si vietos entuziast\u0173 iniciatyvomis, pavien\u0117mis ekskursijomis ar \u201ejuod\u0173j\u0173 archeolog\u0173\u201c veikla. Jau tada pasteb\u0117ta, kad reik\u0161ming\u0105 karo paveld\u0105 turi ir Latvijoje esanti teritorija tarp Gateno ir Medum\u0117s e\u017eer\u0173, kur \u0117jo pagrindin\u0117 fronto linija tarp Vokietijos ir Rusijos imperini\u0173 kariuomeni\u0173. Tad pilnai \u0161\u012f mar\u0161rut\u0105 ir jame esant\u012f karo paveld\u0105 atskleisti reikalingos tarpvalstybinis bendradarbiavimas abipus sienos.\u00a0<\/p>\n\n\n\n<p>Nuo 2018 m. ekspozicijos ir mar\u0161ruto suk\u016brimo id\u0117ja prad\u0117jo pl\u0117toti V\u0161\u012e Zaras\u0173 turizmo ir verslo informacijos centras, kuri\u0173 specialistai rinko ir sistemino mar\u0161rut\u0173 suk\u016brimui reik\u0161ming\u0105 med\u017eiag\u0105 ie\u0161kojo partneri\u0173 ir reng\u0117 \u0161io paveldo atskleidimo projektus.&nbsp;<\/p>\n\n\n\n<p>Buvo parengtas projektas Projektas \u012fgyvendinamas nuo 2021 m. ir t\u0119sis iki 2023 \u2013\u00a0prad\u017eios.\u00a0\u00a0\u201ePirmojo pasaulinio karo turizmo kryptis ir ekpozicijos d\u0117l lankytoj\u0173 pritraukimo \u012f pasienio region\u0105\u201c (arba trumpiau \u201eWWI ROUTE\u201c, projekto Nr. LLI-501) bendradarbiaujant su Auk\u0161daugavos\u00a0rajono savivaldybe. Projektas \u012fgyvendinamas nuo 2021 m. ir t\u0119sis iki 2023 \u2013\u00a0prad\u017eios.\u00a0\u00a0Projekto bendras biud\u017eetas siekia 731 t\u016bkstant\u012f eur\u0173.\u00a0<\/p>\n\n\n\n<p>Projekto \u201eWWI ROUTE\u201c  pagrindu kuriama ekspozicija ir tarptautinis mar\u0161rutas \u0161iame pasienio regione. Keliaudami mar\u0161rutu galite aplankyti kelias pirmojo pasaulinio karo laik\u0173 ekspozicijas, pirmojo pasaulinio karo objektus likusi\u0173 vokie\u010di\u0173 kaizerin\u0117s kariuomen\u0117s pozicij\u0173 \u012ftvirtinim\u0173, pa\u017einti i\u0161likus\u012f Pirmojo pasaulinio\u00a0karo paveld\u0105, susipa\u017einti su \u0161io istorinio periodo specifika. Mar\u0161rutas naudojant program\u0117l\u0119 wwiroute.visitzarasai.lt\u00a0 lengvai modifikuojamas ir pritaikomas \u012fvairaus paj\u0117gumo \u017emon\u0117ms keliaujantiems p\u0117s\u010diomis, dvira\u010diais ar automobiliais. Pilnas mar\u0161rutas siekia net 99 km.\u00a0<\/p>\n\n\n\n<p><\/p>\n\n\n\n<p><strong>Apie mus\u00a0<\/strong><\/p>\n\n\n\n<p>Vie\u0161oji \u012fstaiga Zaras\u0173 turizmo ir verslo informacijos centras yra \u012fsteigtas Zaras\u0173 rajono savivaldyb\u0117s tarybos. Centro pagrindinis veiklos tikslas skleisti informacij\u0105 apie Zaras\u0173 kra\u0161t\u0105, jo turistin\u012f potencial\u0105, teikti verslo informavimo paslaugas.&nbsp;&nbsp;<\/p>\n\n\n\n<p><strong>\u012estaigos pagrindiniai tikslai:<\/strong><strong><\/strong><\/p>\n\n\n\n<p>skatinti Zaras\u0173 rajono turizmo ir verslo pl\u0117tr\u0105, atsi\u017evelgiant \u012f rajono Savivaldyb\u0117s turizmo bei verslo&nbsp;&nbsp;pl\u0117tros prioritetus;<\/p>\n\n\n\n<p>teikti informacijos paslaugas apie Zaras\u0173 rajono turizmo i\u0161teklius Lietuvos ir u\u017esienio \u0161ali\u0173 turistams, kuriant patraukl\u0173 bei sveting\u0105 Zaras\u0173 rajono \u012fvaizd\u012f bei populiarinant j\u012f Lietuvoje bei u\u017esienyje;<\/p>\n\n\n\n<p>teikti verslo informacijos, konsultavimo, mokym\u0173 paslaugas, ugdyti visuomen\u0117s verslum\u0105, skatinti nauj\u0173 darbo viet\u0173 k\u016brim\u0105 Zaras\u0173 rajone, didinant \u012fmoni\u0173 konkurencingum\u0105.<\/p>\n\n\n\n<p>Vie\u0161oji \u012fstaiga Zaras\u0173 turizmo ir verslo informacijos centras teikia&nbsp;gido paslaugas, organizuoja ekskursijas po Zaras\u0173 kra\u0161t\u0105 ir Lietuv\u0105.&nbsp;Leid\u017eia&nbsp;ir platina informacinius leidinius, \u017eem\u0117lapius, parduoda suvenyrus. Tarpininkauja su kelioni\u0173 agent\u016bromis, padeda organizuoti pa\u017eintinius ir poilsines&nbsp;&nbsp;keliones ir pan.&nbsp;<\/p>\n\n\n\n<p>Padeda u\u017esisakyti transporto, nakvyn\u0117s ar gido paslaugas, rasti reikiam\u0105 turizmo informacij\u0105 ar paslaugas Zaras\u0173 kra\u0161te. Teikia biuro paslaugas &#8211;&nbsp;kopijuoja, spausdina, skenuoja.<\/p>\n\n\n\n<p>Teikia apgyvendinimo ir pramogines paslaugas.&nbsp;&nbsp;Zaras\u0173 turizmo ir verslo informacijos centras administruoj\u0105 Zaras\u0173 rajono savivaldyb\u0117s tarybos perduot\u0105 turt\u0105: kemping\u0105 ,,Zarasai&#8221;, Sve\u010di\u0173 namus ,,Zarasai\u201c bei Zaras\u0173 laipyni\u0173 park\u0105 (su trasa ne\u012fgaliems \u017emon\u0117ms).<\/p>\n\n\n\n<p>Viena i\u0161 Zaras\u0173 turizmo ir verslo informacijos centro veiklos sri\u010di\u0173 yra rengti ir administruoti projektus, finansuojamus i\u0161 nacionalini\u0173, ES ir kit\u0173 \u0161ali\u0173 tarptautini\u0173 fond\u0173, \u012fstaigos tikslams ir savivaldyb\u0117s prioritetams pasiekti turizmo, sporto ir kt. srityse. Vie\u0161oji \u012fstaiga Zaras\u0173 turizmo ir verslo informacijos centras kuria ir rengia naujus turizmo produktus: p\u0117s\u010di\u0173j\u0173, dvira\u010di\u0173, automobili\u0173, vandens, kult\u016brinius ir gamtinius mar\u0161rutus, ie\u0161ko potenciali\u0173 turizmo, aktyvaus ir pasyvaus poilsio paslaug\u0173 teik\u0117j\u0173 ir organizatori\u0173 Zaras\u0173 kra\u0161te.&nbsp;<\/p>\n\n\n\n<p><\/p>\n","protected":false},"excerpt":{"rendered":"<p>Nuosekl\u016bs Pirmojo pasaulinio karo palikimo tyrin\u0117jimai Zaras\u0173 kra\u0161te prasid\u0117jo dar 2006 m., kai buvo karo istorik\u0173 Valdo Raku\u010dio ir Vladimiro Orlovo iniciatyva buvo suorganizuota \u017evalgomoji\/tiriamoji ekspedicija po Turmanto seni\u016bnijos apylink\u0117se, o v\u0117liau ir konferencija \u0161iam paveldui pristatyti. Tyrin\u0117jim\u0173 med\u017eiaga apra\u0161yta Vladimiro Orlovoje knygoje\u00a0\u00a0\u201eXX am\u017eiaus fortifikacija Lietuvoje&#8221; Tyrin\u0117jim\u0173&nbsp;&nbsp;pagrindu pirmieji&nbsp;&nbsp;septyni objektai buvo \u012ftraukti \u012f Nekilnojamo Kult\u016bros paveldo [&hellip;]<\/p>\n","protected":false},"author":1,"featured_media":0,"parent":543,"menu_order":0,"comment_status":"closed","ping_status":"closed","template":"","meta":{"footnotes":""},"class_list":["post-563","page","type-page","status-publish","hentry"],"acf":[],"_links":{"self":[{"href":"https:\/\/ww1route.eu\/lt\/wp-json\/wp\/v2\/pages\/563","targetHints":{"allow":["GET"]}}],"collection":[{"href":"https:\/\/ww1route.eu\/lt\/wp-json\/wp\/v2\/pages"}],"about":[{"href":"https:\/\/ww1route.eu\/lt\/wp-json\/wp\/v2\/types\/page"}],"author":[{"embeddable":true,"href":"https:\/\/ww1route.eu\/lt\/wp-json\/wp\/v2\/users\/1"}],"replies":[{"embeddable":true,"href":"https:\/\/ww1route.eu\/lt\/wp-json\/wp\/v2\/comments?post=563"}],"version-history":[{"count":5,"href":"https:\/\/ww1route.eu\/lt\/wp-json\/wp\/v2\/pages\/563\/revisions"}],"predecessor-version":[{"id":792,"href":"https:\/\/ww1route.eu\/lt\/wp-json\/wp\/v2\/pages\/563\/revisions\/792"}],"up":[{"embeddable":true,"href":"https:\/\/ww1route.eu\/lt\/wp-json\/wp\/v2\/pages\/543"}],"wp:attachment":[{"href":"https:\/\/ww1route.eu\/lt\/wp-json\/wp\/v2\/media?parent=563"}],"curies":[{"name":"wp","href":"https:\/\/api.w.org\/{rel}","templated":true}]}}