{"id":22,"date":"2022-08-22T13:20:14","date_gmt":"2022-08-22T10:20:14","guid":{"rendered":"http:\/\/ww1route.eu\/?page_id=22"},"modified":"2023-02-23T15:47:20","modified_gmt":"2023-02-23T13:47:20","slug":"ekspozicija-un-marsruti","status":"publish","type":"page","link":"https:\/\/ww1route.eu\/lv\/medumu-ekspozicija\/par-mums\/ekspozicija-un-marsruti\/","title":{"rendered":"Ekspoz\u012bcija un mar\u0161ruti"},"content":{"rendered":"\n<br>\n\n\n\n<h2 class=\"wp-block-heading\">Pirmskara Medumu pagasta v\u0113sture<\/h2>\n\n\n\n<p>Pirms Pirm\u0101 pasaules kara m\u016bsdienu Medumu pagasta teritorija ietilpa Kurzemes guber\u0146as Il\u016bkstes apri\u0146ka Kurcuma pagast\u0101 (dibin\u0101ts 1866. gad\u0101). Pagast\u0101 ietilpa vair\u0101kas mui\u017eas &#8211; Kurcuma mui\u017ea, Krivini\u0161ku mui\u017ea, Girvi\u0161ku mui\u017ea, Dervani\u0161ku mui\u017ea, Laukesas mui\u017ea, Ilzes un Medumu mui\u017eas, k\u0101 ar\u012b \u0112\u0123iptes bazn\u012bcas pusmui\u017ea, tr\u012bs krogi un pieci magaz\u012bnu m\u0101jas.  Medumu mui\u017eas \u012bpa\u0161nieks &#8211; Krievijas armija \u0123ener\u0101lleitnants U\u0161akovs  izveidoja ar\u012b klimatisku staciju &#8211; sanatoriju. <\/p>\n\n\n\n<p>Ap Medumu ezeru bija Sankt-P\u0113terburgas inteli\u0123ences vasarn\u012bcas: rakstnieka Nikolaja \u010cerni\u0161evska sievas Olgas Cerni\u0161evskas, N. \u010cerni\u0161evska br\u0101l\u0113na&nbsp; v\u0113sturnieka Antona Pipina, liter\u0101ra Jevgenija Lacka, m\u0101kslinieka Em\u012bla Vize\u013ca, aktiera Nikolaja Monahova, liter\u0101ra Ganeizera vasarn\u012bcas. 1906. gada febru\u0101r\u012b un vasar\u0101 Medumu apmekl\u0113ja ar\u012b Kornejs \u010cukovskis.<\/p>\n\n\n\n<p>Kop\u0161 1836. gaga Medumu teritoriju \u0161\u0137\u0113rsoja Sankt-Peterburgas Var\u0161avas Trakts. Pie \u0112\u0123iptes luter\u0101\u0146u bazn\u012bcas bija uzcelta 1. klases pasta stacija.  <\/p>\n\n\n\n<hr class=\"wp-block-separator has-alpha-channel-opacity\"\/>\n\n\n\n<h2 class=\"wp-block-heading\">Pirm\u0101 pasaules kara mantojums<\/h2>\n\n\n\n<p>Pirm\u0101 pasaules kara ekspoz\u012bcija Medumos ir v\u0113stures st\u0101sts par Pirmo pasaules karu gan pasaul\u0113, gan t\u0101d\u0101 viet\u0101 k\u0101 Medumi, kur vair\u0101kus gadus atrad\u0101s frontes t.s. \u201eDz\u012bv\u012bbas un N\u0101ves\u201d l\u012bnija. Ekspoz\u012bcija 113 kv.m. plat\u012bb\u0101 un sast\u0101v no diviem tematiskiem blokiem. Pirm\u0101 da\u013ca velt\u012bta Pirm\u0101 pasaules kara notikumiem Eirop\u0101 un Latvij\u0101. \u0160eit var iepaz\u012bties ar karav\u012bru sadz\u012bvi, ar inov\u0101cij\u0101m, kuras rad\u0101s Pirm\u0101 pasaules kara laik\u0101, k\u0101 ar\u012b izp\u0113t\u012bt k\u0101dus iero\u010dus izmantoja gan v\u0101cu, gan krievu armija. Savuk\u0101rt, otraj\u0101 z\u0101l\u0113, ekspoz\u012bcijas apmekl\u0113t\u0101jiem b\u016bs iesp\u0113ja iejusties karav\u012bra lom\u0101 un uz savas \u0101das izjust bunkuru dz\u012bves sadz\u012bvi.&nbsp; Z\u0101l\u0113 ir izveidota krievu bunkura imit\u0101cija \u2013 fragments no ierakuma ar nelielu sp\u0113ptuvi, karalauka atrib\u016btiem, karav\u012bru manekeniem. Ekspoz\u012bcijas telp\u0101s ir izveidots tie\u0161i krievu armijas bunkurs, jo tie tika b\u016bv\u0113ti no koka un nav saglab\u0101ju\u0161ies l\u012bdz m\u016bsdien\u0101m, savuk\u0101rt, v\u0101cu armijas betona bunkurus ir iesp\u0113jams apskat\u012bties, apmekl\u0113jot starptautisku mar\u0161rutu pa Pirm\u0101 pasaules kara bunkuriem. Z\u0101l\u0113 ar bunkura imit\u0101ciju liela uzman\u012bba tiek velt\u012bta audio un video apr\u012bkojumam, kas dos iesp\u0113ju iejusties karalauka atmosf\u0113r\u0101.&nbsp; M\u016bsdien\u012bgs dizains padara ekspoz\u012bciju interesantu un \u0113rti uztveramu da\u017e\u0101d\u0101m auditorij\u0101m. Tom\u0113r liel\u0101ka uzman\u012bba tiek velt\u012bta skolas vecuma b\u0113rniem, kuriem ekspoz\u012bcijas apmekl\u0113jums ir k\u0101 atk\u0101rtojums tam, ko m\u0101c\u0101s v\u0113stures stund\u0101s.<\/p>\n\n\n\n<hr class=\"wp-block-separator has-alpha-channel-opacity\"\/>\n\n\n\n<h2 class=\"wp-block-heading\">Mar\u0161ruts pa Pirm\u0101 pasaules kara bunkuriem<\/h2>\n\n\n\n<p>Starptautisks ri\u0146kveida mar\u0161ruts, kas ved caur Medumu un Demenes pagastu, Aug\u0161daugavas novad\u0101 (Latvij\u0101) un Zarasu rajonu (Lietuv\u0101), atrodas teritorij\u0101, kuras apk\u0101rtn\u0113 Pirm\u0101 pasaules kara laik\u0101 atrad\u0101s gan krievu armijas, gan v\u0101cu armijas aizsardz\u012bbas l\u012bnija. &nbsp;Mar\u0161ruts ir dom\u0101ts cilv\u0113kiem, kuriem pat\u012bk garas pastaigas, vai ar\u012b izbraucieni ar velosip\u0113diem. M\u016bsu ekspoz\u012bcijas centra apmekl\u0113t\u0101ju \u0113rt\u012bbai ir pieejama velo noma, kur ir iesp\u0113ja iznom\u0101t gan parastus divrite\u0146us, gan ar\u012b elektrovelosip\u0113dus.<\/p>\n\n\n\n<p><\/p>\n\n\n\n<figure class=\"wp-block-image size-large is-resized\"><img loading=\"lazy\" decoding=\"async\" src=\"https:\/\/ww1route.eu\/wp-content\/uploads\/2023\/02\/red-gradient-profile-photo-instagram-post-1-1024x1024.png\" alt=\"\" class=\"wp-image-2315\" width=\"366\" height=\"366\" srcset=\"https:\/\/ww1route.eu\/wp-content\/uploads\/2023\/02\/red-gradient-profile-photo-instagram-post-1-1024x1024.png 1024w, https:\/\/ww1route.eu\/wp-content\/uploads\/2023\/02\/red-gradient-profile-photo-instagram-post-1-300x300.png 300w, https:\/\/ww1route.eu\/wp-content\/uploads\/2023\/02\/red-gradient-profile-photo-instagram-post-1-768x768.png 768w, https:\/\/ww1route.eu\/wp-content\/uploads\/2023\/02\/red-gradient-profile-photo-instagram-post-1.png 1080w\" sizes=\"auto, (max-width: 366px) 100vw, 366px\" \/><\/figure>\n\n\n\n<p><strong>Mar\u0161ruta karte:<\/strong><\/p>\n\n\n\n<iframe loading=\"lazy\" src=\"https:\/\/www.google.com\/maps\/d\/embed?mid=1MZhPM2ztwcCIEfWndtskQ4FtLY7i7pA&amp;ehbc=2E312F\" width=\"100%\" height=\"480\"><\/iframe>\n","protected":false},"excerpt":{"rendered":"<p>Pirmskara Medumu pagasta v\u0113sture Pirms Pirm\u0101 pasaules kara m\u016bsdienu Medumu pagasta teritorija ietilpa Kurzemes guber\u0146as Il\u016bkstes apri\u0146ka Kurcuma pagast\u0101 (dibin\u0101ts 1866. gad\u0101). Pagast\u0101 ietilpa vair\u0101kas mui\u017eas &#8211; Kurcuma mui\u017ea, Krivini\u0161ku mui\u017ea, Girvi\u0161ku mui\u017ea, Dervani\u0161ku mui\u017ea, Laukesas mui\u017ea, Ilzes un Medumu mui\u017eas, k\u0101 ar\u012b \u0112\u0123iptes bazn\u012bcas pusmui\u017ea, tr\u012bs krogi un pieci magaz\u012bnu m\u0101jas. Medumu mui\u017eas \u012bpa\u0161nieks [&hellip;]<\/p>\n","protected":false},"author":1,"featured_media":0,"parent":11,"menu_order":0,"comment_status":"closed","ping_status":"closed","template":"","meta":{"footnotes":""},"class_list":["post-22","page","type-page","status-publish","hentry"],"acf":[],"_links":{"self":[{"href":"https:\/\/ww1route.eu\/lv\/wp-json\/wp\/v2\/pages\/22","targetHints":{"allow":["GET"]}}],"collection":[{"href":"https:\/\/ww1route.eu\/lv\/wp-json\/wp\/v2\/pages"}],"about":[{"href":"https:\/\/ww1route.eu\/lv\/wp-json\/wp\/v2\/types\/page"}],"author":[{"embeddable":true,"href":"https:\/\/ww1route.eu\/lv\/wp-json\/wp\/v2\/users\/1"}],"replies":[{"embeddable":true,"href":"https:\/\/ww1route.eu\/lv\/wp-json\/wp\/v2\/comments?post=22"}],"version-history":[{"count":9,"href":"https:\/\/ww1route.eu\/lv\/wp-json\/wp\/v2\/pages\/22\/revisions"}],"predecessor-version":[{"id":2445,"href":"https:\/\/ww1route.eu\/lv\/wp-json\/wp\/v2\/pages\/22\/revisions\/2445"}],"up":[{"embeddable":true,"href":"https:\/\/ww1route.eu\/lv\/wp-json\/wp\/v2\/pages\/11"}],"wp:attachment":[{"href":"https:\/\/ww1route.eu\/lv\/wp-json\/wp\/v2\/media?parent=22"}],"curies":[{"name":"wp","href":"https:\/\/api.w.org\/{rel}","templated":true}]}}