{"id":25,"date":"2022-08-22T13:21:59","date_gmt":"2022-08-22T10:21:59","guid":{"rendered":"http:\/\/ww1route.eu\/?page_id=25"},"modified":"2023-04-25T09:58:45","modified_gmt":"2023-04-25T06:58:45","slug":"kontakti","status":"publish","type":"page","link":"https:\/\/ww1route.eu\/lv\/medumu-ekspozicija\/par-mums\/kontakti\/","title":{"rendered":"Kontakti"},"content":{"rendered":"\n<p>Alejas iela 20, Medumi, Medumu pagasts,<br>Aug\u0161daugavas novads, LV\u20135460<br>t\u0101lr.: \u00a0+371 26274123, +371 29431360<br>e-pasts: <a href=\"mailto:info@www1route.lv\">info@ww1route.lv<\/a>, <a href=\"mailto:turisms@augsdaugavasnovads.lv\">turisms@augsdaugavasnovads.lv<\/a><\/p>\n\n\n\n<br>\n\n\n\n<p><strong>K\u0100 NOK\u013b\u016aT<\/strong><\/p>\n\n\n\n<ul class=\"wp-block-list\">\n<li>\u201ePirm\u0101 pasaules kara ekspoz\u012bcija\u201d atrodas Medumos, Aug\u0161daugavas novad\u0101. Muzeja atra\u0161an\u0101s vietas \u0123eogr\u0101fisk\u0101s koordin\u0101tas:&nbsp;platums (Lat) 55.78355 garums (Lon) 26.35024<\/li>\n<\/ul>\n\n\n\n<ul class=\"wp-block-list\">\n<li>Nok\u013c\u016bt ir iesp\u0113jams, braucot pa autoce\u013cu&nbsp;A13 <strong>Daugavpils \u2013 Kau\u0146a<\/strong>&nbsp;l\u012bdz ciemam Medumi (apm\u0113ram 15 km no Daugavpils), pie veikala pagriezties pa labi. Ekspoz\u012bcija atrodas pie Medumu lineparka pa\u0161\u0101 sird\u012b. Pie ekspoz\u012bcijas centra ir izveidots st\u0101vlaukums (Ir iesp\u0113ja izvietot ar\u012b ekskursijas autobusu)<\/li>\n<\/ul>\n\n\n\n<iframe src=\"https:\/\/www.google.com\/maps\/embed?pb=!1m18!1m12!1m3!1d6346.071004064617!2d26.360415227953073!3d55.78151758859295!2m3!1f0!2f0!3f0!3m2!1i1024!2i768!4f13.1!3m3!1m2!1s0x46c2bbf51791179d%3A0xf0162ecc64cd33b6!2sAlejas%20iela%2020%2C%20Medumi%2C%20Medumu%20pagasti%2C%20LV-5460!5e0!3m2!1slv!2slv!4v1661259691375!5m2!1slv!2slv\" width=\"100%\" height=\"450\" style=\"border:0;\" allowfullscreen=\"\" loading=\"lazy\" referrerpolicy=\"no-referrer-when-downgrade\"><\/iframe>\n","protected":false},"excerpt":{"rendered":"<p>Alejas iela 20, Medumi, Medumu pagasts,Aug\u0161daugavas novads, LV\u20135460t\u0101lr.: \u00a0+371 26274123, +371 29431360e-pasts: info@ww1route.lv, turisms@augsdaugavasnovads.lv K\u0100 NOK\u013b\u016aT<\/p>\n","protected":false},"author":1,"featured_media":0,"parent":11,"menu_order":0,"comment_status":"closed","ping_status":"closed","template":"","meta":{"footnotes":""},"class_list":["post-25","page","type-page","status-publish","hentry"],"acf":[],"_links":{"self":[{"href":"https:\/\/ww1route.eu\/lv\/wp-json\/wp\/v2\/pages\/25","targetHints":{"allow":["GET"]}}],"collection":[{"href":"https:\/\/ww1route.eu\/lv\/wp-json\/wp\/v2\/pages"}],"about":[{"href":"https:\/\/ww1route.eu\/lv\/wp-json\/wp\/v2\/types\/page"}],"author":[{"embeddable":true,"href":"https:\/\/ww1route.eu\/lv\/wp-json\/wp\/v2\/users\/1"}],"replies":[{"embeddable":true,"href":"https:\/\/ww1route.eu\/lv\/wp-json\/wp\/v2\/comments?post=25"}],"version-history":[{"count":12,"href":"https:\/\/ww1route.eu\/lv\/wp-json\/wp\/v2\/pages\/25\/revisions"}],"predecessor-version":[{"id":2884,"href":"https:\/\/ww1route.eu\/lv\/wp-json\/wp\/v2\/pages\/25\/revisions\/2884"}],"up":[{"embeddable":true,"href":"https:\/\/ww1route.eu\/lv\/wp-json\/wp\/v2\/pages\/11"}],"wp:attachment":[{"href":"https:\/\/ww1route.eu\/lv\/wp-json\/wp\/v2\/media?parent=25"}],"curies":[{"name":"wp","href":"https:\/\/api.w.org\/{rel}","templated":true}]}}