{"id":27,"date":"2022-08-22T13:22:52","date_gmt":"2022-08-22T10:22:52","guid":{"rendered":"http:\/\/ww1route.eu\/?page_id=27"},"modified":"2023-03-08T15:01:19","modified_gmt":"2023-03-08T13:01:19","slug":"cenradis","status":"publish","type":"page","link":"https:\/\/ww1route.eu\/lv\/medumu-ekspozicija\/apmekletajiem\/cenradis\/","title":{"rendered":"Cenr\u0101dis"},"content":{"rendered":"\n<figure class=\"wp-block-table\"><table><tbody><tr><td>Ieejas maksa skol\u0113niem, studentiem, senioriem, person\u0101m ar invalidit\u0101ti, tr\u016bc\u012bg\u0101m person\u0101m<\/td><td>\u20ac 1.40<\/td><\/tr><tr><td>Ieejas maksa pieaugu\u0161ajiem<\/td><td>\u20ac 3.50<\/td><\/tr><tr><td><strong><em>Tematisk\u0101s ekskursijas\/programmas<\/em><\/strong><\/td><td>&nbsp;<\/td><\/tr><tr><td>Gida pakalpojumi dab\u0101 grupai l\u012bdz 10 cilv\u0113kiem\/h<\/td><td>\u20ac 20.00<\/td><\/tr><tr><td>Gida pakalpojumi dab\u0101 grupai l\u012bdz 30 cilv\u0113kiem\/h<\/td><td>\u20ac 30.00<\/td><\/tr><tr><td>Gida pakalpojumi dab\u0101 grupai virs 30 cilv\u0113kiem\/h<\/td><td>\u20ac 50.00<\/td><\/tr><tr><td><strong><em>Divrite\u0146u noma<\/em><\/strong><\/td><td>\ufeff<\/td><\/tr><tr><td>Divrite\u0146u noma\/h<\/td><td>\u20ac 5.00\/st. vai \u20ac 15.00\/dien\u0101 (8h)<\/td><\/tr><tr><td>Elektrodivrite\u0146u noma\/h<\/td><td>\u20ac 10.00\/st. vai \u20ac 30.00\/dien\u0101 (8h)<\/td><\/tr><tr><td>Velosip\u0113du uzkabin\u0101m\u0101 iek\u0101rta<\/td><td>\u20ac 10.00\/diennakts<\/td><\/tr><\/tbody><\/table><\/figure>\n\n\n\n<p><\/p>\n","protected":false},"excerpt":{"rendered":"<p>Ieejas maksa skol\u0113niem, studentiem, senioriem, person\u0101m ar invalidit\u0101ti, tr\u016bc\u012bg\u0101m person\u0101m \u20ac 1.40 Ieejas maksa pieaugu\u0161ajiem \u20ac 3.50 Tematisk\u0101s ekskursijas\/programmas &nbsp; Gida pakalpojumi dab\u0101 grupai l\u012bdz 10 cilv\u0113kiem\/h \u20ac 20.00 Gida pakalpojumi dab\u0101 grupai l\u012bdz 30 cilv\u0113kiem\/h \u20ac 30.00 Gida pakalpojumi dab\u0101 grupai virs 30 cilv\u0113kiem\/h \u20ac 50.00 Divrite\u0146u noma \ufeff Divrite\u0146u noma\/h \u20ac 5.00\/st. vai [&hellip;]<\/p>\n","protected":false},"author":1,"featured_media":0,"parent":13,"menu_order":0,"comment_status":"closed","ping_status":"closed","template":"","meta":{"footnotes":""},"class_list":["post-27","page","type-page","status-publish","hentry"],"acf":[],"_links":{"self":[{"href":"https:\/\/ww1route.eu\/lv\/wp-json\/wp\/v2\/pages\/27","targetHints":{"allow":["GET"]}}],"collection":[{"href":"https:\/\/ww1route.eu\/lv\/wp-json\/wp\/v2\/pages"}],"about":[{"href":"https:\/\/ww1route.eu\/lv\/wp-json\/wp\/v2\/types\/page"}],"author":[{"embeddable":true,"href":"https:\/\/ww1route.eu\/lv\/wp-json\/wp\/v2\/users\/1"}],"replies":[{"embeddable":true,"href":"https:\/\/ww1route.eu\/lv\/wp-json\/wp\/v2\/comments?post=27"}],"version-history":[{"count":18,"href":"https:\/\/ww1route.eu\/lv\/wp-json\/wp\/v2\/pages\/27\/revisions"}],"predecessor-version":[{"id":2837,"href":"https:\/\/ww1route.eu\/lv\/wp-json\/wp\/v2\/pages\/27\/revisions\/2837"}],"up":[{"embeddable":true,"href":"https:\/\/ww1route.eu\/lv\/wp-json\/wp\/v2\/pages\/13"}],"wp:attachment":[{"href":"https:\/\/ww1route.eu\/lv\/wp-json\/wp\/v2\/media?parent=27"}],"curies":[{"name":"wp","href":"https:\/\/api.w.org\/{rel}","templated":true}]}}