{"id":29,"date":"2022-08-22T13:23:31","date_gmt":"2022-08-22T10:23:31","guid":{"rendered":"http:\/\/ww1route.eu\/?page_id=29"},"modified":"2023-02-15T17:11:27","modified_gmt":"2023-02-15T15:11:27","slug":"ekskursijas","status":"publish","type":"page","link":"https:\/\/ww1route.eu\/lv\/medumu-ekspozicija\/apmekletajiem\/ekskursijas\/","title":{"rendered":"Ekskursijas"},"content":{"rendered":"\n<p>Ekskursijas Latvijas teritorij\u0101 var pieteikt, zvanot pa t\u0101lr. +371 29431360, +371 26274123 vai s\u016btot pieteikumu uz e-pastiem <a href=\"mailto:info@www1route.lv\">info@www1route.lv<\/a>,\u00a0<a href=\"mailto:turisms@augsdaugavasnovads.lv\">turisms@augsdaugavasnovads.lv<\/a>.<\/p>\n\n\n\n<p>Ekskursijas Lietuvas teritorij\u0101 var pieteikt, zvanot pa t\u0101lr. +370 68240988, +370 38537171 vai s\u016btot pieteikumu uz e-pastu <a href=\"mailto:turizmas@zarasai.lt\">turizmas@zarasai.lt<\/a>.<\/p>\n\n\n\n<p><\/p>\n","protected":false},"excerpt":{"rendered":"<p>Ekskursijas Latvijas teritorij\u0101 var pieteikt, zvanot pa t\u0101lr. +371 29431360, +371 26274123 vai s\u016btot pieteikumu uz e-pastiem info@www1route.lv,\u00a0turisms@augsdaugavasnovads.lv. Ekskursijas Lietuvas teritorij\u0101 var pieteikt, zvanot pa t\u0101lr. +370 68240988, +370 38537171 vai s\u016btot pieteikumu uz e-pastu turizmas@zarasai.lt.<\/p>\n","protected":false},"author":1,"featured_media":0,"parent":13,"menu_order":0,"comment_status":"closed","ping_status":"closed","template":"","meta":{"footnotes":""},"class_list":["post-29","page","type-page","status-publish","hentry"],"acf":[],"_links":{"self":[{"href":"https:\/\/ww1route.eu\/lv\/wp-json\/wp\/v2\/pages\/29","targetHints":{"allow":["GET"]}}],"collection":[{"href":"https:\/\/ww1route.eu\/lv\/wp-json\/wp\/v2\/pages"}],"about":[{"href":"https:\/\/ww1route.eu\/lv\/wp-json\/wp\/v2\/types\/page"}],"author":[{"embeddable":true,"href":"https:\/\/ww1route.eu\/lv\/wp-json\/wp\/v2\/users\/1"}],"replies":[{"embeddable":true,"href":"https:\/\/ww1route.eu\/lv\/wp-json\/wp\/v2\/comments?post=29"}],"version-history":[{"count":4,"href":"https:\/\/ww1route.eu\/lv\/wp-json\/wp\/v2\/pages\/29\/revisions"}],"predecessor-version":[{"id":1785,"href":"https:\/\/ww1route.eu\/lv\/wp-json\/wp\/v2\/pages\/29\/revisions\/1785"}],"up":[{"embeddable":true,"href":"https:\/\/ww1route.eu\/lv\/wp-json\/wp\/v2\/pages\/13"}],"wp:attachment":[{"href":"https:\/\/ww1route.eu\/lv\/wp-json\/wp\/v2\/media?parent=29"}],"curies":[{"name":"wp","href":"https:\/\/api.w.org\/{rel}","templated":true}]}}