{"id":31,"date":"2022-08-22T13:24:24","date_gmt":"2022-08-22T10:24:24","guid":{"rendered":"http:\/\/ww1route.eu\/?page_id=31"},"modified":"2026-01-06T09:06:33","modified_gmt":"2026-01-06T07:06:33","slug":"darba-laiks","status":"publish","type":"page","link":"https:\/\/ww1route.eu\/lv\/medumu-ekspozicija\/apmekletajiem\/darba-laiks\/","title":{"rendered":"Darba laiks"},"content":{"rendered":"\n<p>Pirmdiena \u2013 br\u012bvdiena<br>Otrdiena \u2013 12.00-17.00<br>Tre\u0161diena \u2013 12.00-17.00<br>Ceturtdiena \u2013 12.00-17.00<br>Piektdiena \u2013 12.00-17.00<br>Sestdiena \u2013 12.00-17.00<br>Sv\u0113tdiena \u2013 br\u012bvdiena<\/p>\n\n\n\n<p>Ekskursijas un muzeja apmekl\u0113jumu grup\u0101m cit\u0101s dien\u0101s&nbsp; var pieteikt pa t\u0101lru\u0146iem +371 26274123, +371 29431360.<\/p>\n\n\n\n<p><\/p>\n\n\n\n<p><br><\/p>\n","protected":false},"excerpt":{"rendered":"<p>Pirmdiena \u2013 br\u012bvdienaOtrdiena \u2013 12.00-17.00Tre\u0161diena \u2013 12.00-17.00Ceturtdiena \u2013 12.00-17.00Piektdiena \u2013 12.00-17.00Sestdiena \u2013 12.00-17.00Sv\u0113tdiena \u2013 br\u012bvdiena Ekskursijas un muzeja apmekl\u0113jumu grup\u0101m cit\u0101s dien\u0101s&nbsp; var pieteikt pa t\u0101lru\u0146iem +371 26274123, +371 29431360.<\/p>\n","protected":false},"author":1,"featured_media":0,"parent":13,"menu_order":0,"comment_status":"closed","ping_status":"closed","template":"","meta":{"footnotes":""},"class_list":["post-31","page","type-page","status-publish","hentry"],"acf":[],"_links":{"self":[{"href":"https:\/\/ww1route.eu\/lv\/wp-json\/wp\/v2\/pages\/31","targetHints":{"allow":["GET"]}}],"collection":[{"href":"https:\/\/ww1route.eu\/lv\/wp-json\/wp\/v2\/pages"}],"about":[{"href":"https:\/\/ww1route.eu\/lv\/wp-json\/wp\/v2\/types\/page"}],"author":[{"embeddable":true,"href":"https:\/\/ww1route.eu\/lv\/wp-json\/wp\/v2\/users\/1"}],"replies":[{"embeddable":true,"href":"https:\/\/ww1route.eu\/lv\/wp-json\/wp\/v2\/comments?post=31"}],"version-history":[{"count":15,"href":"https:\/\/ww1route.eu\/lv\/wp-json\/wp\/v2\/pages\/31\/revisions"}],"predecessor-version":[{"id":3473,"href":"https:\/\/ww1route.eu\/lv\/wp-json\/wp\/v2\/pages\/31\/revisions\/3473"}],"up":[{"embeddable":true,"href":"https:\/\/ww1route.eu\/lv\/wp-json\/wp\/v2\/pages\/13"}],"wp:attachment":[{"href":"https:\/\/ww1route.eu\/lv\/wp-json\/wp\/v2\/media?parent=31"}],"curies":[{"name":"wp","href":"https:\/\/api.w.org\/{rel}","templated":true}]}}