{"id":33,"date":"2022-08-22T13:29:17","date_gmt":"2022-08-22T10:29:17","guid":{"rendered":"http:\/\/ww1route.eu\/?page_id=33"},"modified":"2023-02-15T10:51:06","modified_gmt":"2023-02-15T08:51:06","slug":"medumu-ekspozicija","status":"publish","type":"page","link":"https:\/\/ww1route.eu\/lv\/medumu-ekspozicija\/","title":{"rendered":"Medumu pirm\u0101 pasaules kara ekspoz\u012bcija"},"content":{"rendered":"\n<p>Aug\u0161daugavas novad\u0101, Medumos Pirmais pasaules kar\u0161 atst\u0101jis p\u0113das it visur. Visuzskat\u0101m\u0101kie ir dzelzsbetona bunkuri, ierakumu p\u0113das. Viet\u0113jie iedz\u012bvot\u0101ji past\u0101v\u012bgi atrod liec\u012bbas par vienu liel\u0101kajiem kariem cilv\u0113ces v\u0113stur\u0113 \u2013 iero\u010du da\u013cas, \u0161\u0101vi\u0146u atliekas, formast\u0113rpu elementus, sadz\u012bves priek\u0161metus.<strong><\/strong><\/p>\n\n\n\n<p>Medumu ekspoz\u012bcijas centra apmekl\u0113t\u0101jiem ir iesp\u0113jams ne tikai apskat\u012bties v\u0113sturiskus artefaktus, bet ar\u012b iejusties karav\u012bra lom\u0101. Vien\u0101 no ekspoz\u012bciju z\u0101l\u0113m tiks izveidota bunkura un blind\u0101\u017eas imit\u0101cija \u2013 fragments no ierakuma ar nelielu sl\u0113ptuvi, karalauka atrib\u016btiem, karav\u012bru manekeniem. Liela uzman\u012bba tiks velt\u012bta audio un video apr\u012bkojam, kas dot iesp\u0113ju iejusties karalauka atmosf\u0113r\u0101.<\/p>\n","protected":false},"excerpt":{"rendered":"<p>Aug\u0161daugavas novad\u0101, Medumos Pirmais pasaules kar\u0161 atst\u0101jis p\u0113das it visur. Visuzskat\u0101m\u0101kie ir dzelzsbetona bunkuri, ierakumu p\u0113das. Viet\u0113jie iedz\u012bvot\u0101ji past\u0101v\u012bgi atrod liec\u012bbas par vienu liel\u0101kajiem kariem cilv\u0113ces v\u0113stur\u0113 \u2013 iero\u010du da\u013cas, \u0161\u0101vi\u0146u atliekas, formast\u0113rpu elementus, sadz\u012bves priek\u0161metus. Medumu ekspoz\u012bcijas centra apmekl\u0113t\u0101jiem ir iesp\u0113jams ne tikai apskat\u012bties v\u0113sturiskus artefaktus, bet ar\u012b iejusties karav\u012bra lom\u0101. Vien\u0101 no ekspoz\u012bciju [&hellip;]<\/p>\n","protected":false},"author":1,"featured_media":1114,"parent":0,"menu_order":0,"comment_status":"closed","ping_status":"closed","template":"","meta":{"footnotes":""},"class_list":["post-33","page","type-page","status-publish","has-post-thumbnail","hentry"],"acf":[],"_links":{"self":[{"href":"https:\/\/ww1route.eu\/lv\/wp-json\/wp\/v2\/pages\/33","targetHints":{"allow":["GET"]}}],"collection":[{"href":"https:\/\/ww1route.eu\/lv\/wp-json\/wp\/v2\/pages"}],"about":[{"href":"https:\/\/ww1route.eu\/lv\/wp-json\/wp\/v2\/types\/page"}],"author":[{"embeddable":true,"href":"https:\/\/ww1route.eu\/lv\/wp-json\/wp\/v2\/users\/1"}],"replies":[{"embeddable":true,"href":"https:\/\/ww1route.eu\/lv\/wp-json\/wp\/v2\/comments?post=33"}],"version-history":[{"count":5,"href":"https:\/\/ww1route.eu\/lv\/wp-json\/wp\/v2\/pages\/33\/revisions"}],"predecessor-version":[{"id":1118,"href":"https:\/\/ww1route.eu\/lv\/wp-json\/wp\/v2\/pages\/33\/revisions\/1118"}],"wp:featuredmedia":[{"embeddable":true,"href":"https:\/\/ww1route.eu\/lv\/wp-json\/wp\/v2\/media\/1114"}],"wp:attachment":[{"href":"https:\/\/ww1route.eu\/lv\/wp-json\/wp\/v2\/media?parent=33"}],"curies":[{"name":"wp","href":"https:\/\/api.w.org\/{rel}","templated":true}]}}