{"id":37,"date":"2022-08-22T13:31:12","date_gmt":"2022-08-22T10:31:12","guid":{"rendered":"http:\/\/ww1route.eu\/?page_id=37"},"modified":"2022-08-23T14:32:20","modified_gmt":"2022-08-23T11:32:20","slug":"galerija","status":"publish","type":"page","link":"https:\/\/ww1route.eu\/lv\/galerija\/","title":{"rendered":"Galerija"},"content":{"rendered":"\n<p>Inform\u0101cija tiks papildin\u0101ta tuv\u0101kaj\u0101 laik\u0101\u2026<\/p>\n","protected":false},"excerpt":{"rendered":"<p>Inform\u0101cija tiks papildin\u0101ta tuv\u0101kaj\u0101 laik\u0101\u2026<\/p>\n","protected":false},"author":1,"featured_media":0,"parent":0,"menu_order":0,"comment_status":"closed","ping_status":"closed","template":"page-templates\/page-sidebar-none.php","meta":{"footnotes":""},"class_list":["post-37","page","type-page","status-publish","hentry"],"acf":[],"_links":{"self":[{"href":"https:\/\/ww1route.eu\/lv\/wp-json\/wp\/v2\/pages\/37","targetHints":{"allow":["GET"]}}],"collection":[{"href":"https:\/\/ww1route.eu\/lv\/wp-json\/wp\/v2\/pages"}],"about":[{"href":"https:\/\/ww1route.eu\/lv\/wp-json\/wp\/v2\/types\/page"}],"author":[{"embeddable":true,"href":"https:\/\/ww1route.eu\/lv\/wp-json\/wp\/v2\/users\/1"}],"replies":[{"embeddable":true,"href":"https:\/\/ww1route.eu\/lv\/wp-json\/wp\/v2\/comments?post=37"}],"version-history":[{"count":2,"href":"https:\/\/ww1route.eu\/lv\/wp-json\/wp\/v2\/pages\/37\/revisions"}],"predecessor-version":[{"id":152,"href":"https:\/\/ww1route.eu\/lv\/wp-json\/wp\/v2\/pages\/37\/revisions\/152"}],"wp:attachment":[{"href":"https:\/\/ww1route.eu\/lv\/wp-json\/wp\/v2\/media?parent=37"}],"curies":[{"name":"wp","href":"https:\/\/api.w.org\/{rel}","templated":true}]}}