{"id":48,"date":"2022-08-22T13:36:38","date_gmt":"2022-08-22T10:36:38","guid":{"rendered":"http:\/\/ww1route.eu\/?page_id=48"},"modified":"2023-02-16T11:41:30","modified_gmt":"2023-02-16T09:41:30","slug":"muzeja-vesture","status":"publish","type":"page","link":"https:\/\/ww1route.eu\/lv\/medumu-ekspozicija\/par-mums\/muzeja-vesture\/","title":{"rendered":"Ekspoz\u012bcijas v\u0113sture"},"content":{"rendered":"\n<p>Pirmais pasaules kar\u0161 ir atst\u0101jis ilgi nedz\u012bsto\u0161as r\u0113tas ne tikai cilv\u0113ku likte\u0146os un sird\u012bs, bet ar\u012b liel\u0101 tagad\u0113j\u0101s Latvijas un Lietuvas teritorij\u0101, kur vair\u0101kus gadus atrad\u0101s frontes t.s. \u201eDz\u012bv\u012bbas un N\u0101ves\u201d l\u012bnija. Frontes l\u012bnijas ab\u0101s pus\u0113s tika b\u016bv\u0113ta sare\u017e\u0123\u012bta&nbsp; nocietin\u0101jumu sist\u0113ma ar ierakumiem, tran\u0161ej\u0101m un bunkuriem. T\u016bksto\u0161iem karav\u012bru te c\u012bn\u012bj\u0101s un krita s\u012bv\u0101s kauj\u0101s, par ko liecina neskait\u0101mie kritu\u0161o karav\u012bru apbed\u012bjumi. Aug\u0161daugavas novada Demenes, Sventes un Medumu pagastu me\u017eos&nbsp; l\u012bdz m\u016bsdien\u0101m ir saglab\u0101ju\u0161ies \u013coti daudzi v\u0101cu karav\u012bru veidotie betona bunkuri, iespaid\u012bgas lielgabalu un mun\u012bcijas novietnes, ierakumu nebeidzamie l\u012bklo\u010di.<\/p>\n\n\n\n<p>Projekta pirms\u0101kumi ir mekl\u0113jami Medumu pamatskol\u0101 un pie viet\u0113jiem kolekcion\u0101riem, kas Medumos ir izveidoju\u0161i nelielas priv\u0101tkolekcijas, par ko var\u0113tu lepoties ar\u012b lieli muzeji. \u0145emot v\u0113r\u0101 bag\u0101t\u012bgu v\u0113stures mantojumu, v\u0113stures skolot\u0101ja Miropija Petkune jau ilgu laiku vada v\u0113stures stundas. Nodarb\u012bbas notiek nevis kabinet\u0101, k\u0101 ierasts, bet pie bunkuriem un ierakumiem, ko atst\u0101ja kar\u0161. 2015. gad\u0101 Aug\u0161daugavas novada pa\u0161vald\u012bbas iest\u0101des \u201cTAKA\u201d darbinieki izveidoja t\u016brisma mar\u0161rutu \u201cPa Pirm\u0101 Pasaules kara bunkuriem\u201d, kas ietv\u0113ra sev\u012b bunkuru, ierakumu, priv\u0101tkolekciju apmekl\u0113\u0161anu un pusdieno\u0161anu karalauka virtuv\u0113 lauka apst\u0101k\u013cos. L\u012bdz\u012bgu mar\u0161rutu izveidoja ar\u012b Lietuvas puses darbinieki no Zarasu TIC. 2019. gad\u0101 rad\u0101s kop\u012bga ideja uzrakst\u012bt projektu, kas dot\u0101s aktivit\u0101tes \u013cautu pasniegt cit\u0101, daudz augst\u0101k\u0101 l\u012bmen\u012b, k\u0101 ar\u012b dotu ekonomisku pienesumu m\u016bsu re\u0123ionam. Pie dot\u0101 projekta sagatavo\u0161anas akt\u012bvi str\u0101d\u0101ja pa\u0161vald\u012bbas iest\u0101des \u201cTAKA\u201d darbinieki Jana Kezika un Rolands Gradkovskis un no Zarasu puses Ram\u016bnas Ker\u0161ys un Nijole Elena \u0160uk\u0161tuliene.<\/p>\n\n\n\n<p>No 2021.gada 25. janv\u0101ra Aug\u0161daugavas novada dome k\u0101 vado\u0161ais partneris un Zarasu rajona t\u016brisma un biznesa inform\u0101cijas centrs uzs\u0101ka projekta\u201cPirm\u0101 pasaules kara mantojuma t\u016brisma mar\u0161ruta un ekspoz\u012bcijas izveide ar m\u0113r\u0137i piesaist\u012bt apmekl\u0113t\u0101jus pierobe\u017eas zon\u0101\u201d&nbsp; \u012bsteno\u0161anu. Projekta m\u0113r\u0137is ir palielin\u0101t apmekl\u0113t\u0101ju skaitu Lietuvas un Latvijas pierobe\u017eas re\u0123ionos, izmantojot Pirm\u0101 Pasaules kara mantojumu, kas atrodas Aug\u0161daugavas un Zarasu novados.<\/p>\n\n\n\n<p>Pirm\u0101 Pasaules kara laik\u0101 V\u0101cijas armija izveidoja unik\u0101lu nocietin\u0101jumu sist\u0113mu, kas ir saglab\u0101jusies jau vair\u0101k nek\u0101 simts gadus un ir interesanta t\u016bristiem.<\/p>\n\n\n\n<p>Projekta \u012bsteno\u0161anas rezult\u0101t\u0101 2 gadu laik\u0101 tika izveidotas Pirm\u0101 Pasaules kara ekspoz\u012bcijas Turmantas (Lietuva) un Medumos (Latvija), k\u0101 ar\u012b sakopta infrastrukt\u016bra un izveidots starptautisks t\u016brisma mar\u0161ruts.<\/p>\n\n\n\n<p>Ar Pirm\u0101 pasaules kara v\u0113sturisko mantojumu var iepaz\u012bties ar\u012b t\u016brisma mar\u0161rut\u0101, kas sast\u0101v no vair\u0101kiem milit\u0101riem objektiem Latvijas un Lietuvas teritorij\u0101, kas ir saglab\u0101ju\u0161ies sal\u012bdzino\u0161i lab\u0101 st\u0101vokl\u012b ab\u0101s robe\u017eas pus\u0113s. Projekta ietvaros \u0161ie objekti tika sakopti, tika uzst\u0101d\u012btas ce\u013ca nor\u0101des un informat\u012bvie stendi. T\u0101 k\u0101 objekti atrodas diezgan t\u0101lu viens no otra, apmekl\u0113t\u0101ju \u0113rt\u012bbai tiek pied\u0101v\u0101ti 20 velosip\u0113di, k\u0101 ar\u012b 10 elektrovelosip\u0113di, kas piem\u0113roti cilv\u0113kiem ar at\u0161\u0137ir\u012bgiem fiziskas sagatavot\u012bbas l\u012bme\u0146iem.<\/p>\n\n\n\n<p>Interreg V-A Latvijas \u2013 Lietuvas p\u0101rrobe\u017eu sadarb\u012bbas programmas m\u0113r\u0137is ir sekm\u0113t Programmas re\u0123ionu ilgtsp\u0113j\u012bgu soci\u0101lekonomisko att\u012bst\u012bbu, pal\u012bdzot tos padar\u012bt konkur\u0113tsp\u0113j\u012bg\u0101kus un pievilc\u012bg\u0101kus dz\u012bvo\u0161anai, uz\u0146\u0113m\u0113jdarb\u012bbai un t\u016brismam.Ar\u012b viet\u0113jiem iedz\u012bvot\u0101jiem un uz\u0146\u0113m\u0113jiem b\u016bs guvums no t\u016brisma pl\u016bsmas pieauguma. Tiks organiz\u0113tas apm\u0101c\u012bbas gidiem, kas viet\u0113jiem iedz\u012bvot\u0101jiem sniegs jaunas darba iesp\u0113jas. Uz\u0146\u0113m\u0113ji, kuri pied\u0101v\u0101 savus pakalpojumus apmekl\u0113t\u0101jiem var\u0113s bezmaksas izvietot savu inform\u0101ciju projekta m\u0101jaslap\u0101 un izdales materi\u0101los.<\/p>\n\n\n\n<p>Kop\u0113jais projekta finans\u0113jums ir 731&nbsp;449,50 EUR, t.sk. 85% ERAF finans\u0113jums 621&nbsp;732,07 EUR; Aug\u0161daugavas novada domes finans\u0113jums &nbsp;385&nbsp;179,50 EUR, t.sk. 85% ERAF finans\u0113jums 327&nbsp;402,57 EUR. Projekts realiz\u0113ts 2 gados (25.01.2021. \u2013 24.01.2023.).<\/p>\n","protected":false},"excerpt":{"rendered":"<p>Pirmais pasaules kar\u0161 ir atst\u0101jis ilgi nedz\u012bsto\u0161as r\u0113tas ne tikai cilv\u0113ku likte\u0146os un sird\u012bs, bet ar\u012b liel\u0101 tagad\u0113j\u0101s Latvijas un Lietuvas teritorij\u0101, kur vair\u0101kus gadus atrad\u0101s frontes t.s. \u201eDz\u012bv\u012bbas un N\u0101ves\u201d l\u012bnija. Frontes l\u012bnijas ab\u0101s pus\u0113s tika b\u016bv\u0113ta sare\u017e\u0123\u012bta&nbsp; nocietin\u0101jumu sist\u0113ma ar ierakumiem, tran\u0161ej\u0101m un bunkuriem. T\u016bksto\u0161iem karav\u012bru te c\u012bn\u012bj\u0101s un krita s\u012bv\u0101s kauj\u0101s, par [&hellip;]<\/p>\n","protected":false},"author":1,"featured_media":0,"parent":11,"menu_order":0,"comment_status":"closed","ping_status":"closed","template":"","meta":{"footnotes":""},"class_list":["post-48","page","type-page","status-publish","hentry"],"acf":[],"_links":{"self":[{"href":"https:\/\/ww1route.eu\/lv\/wp-json\/wp\/v2\/pages\/48","targetHints":{"allow":["GET"]}}],"collection":[{"href":"https:\/\/ww1route.eu\/lv\/wp-json\/wp\/v2\/pages"}],"about":[{"href":"https:\/\/ww1route.eu\/lv\/wp-json\/wp\/v2\/types\/page"}],"author":[{"embeddable":true,"href":"https:\/\/ww1route.eu\/lv\/wp-json\/wp\/v2\/users\/1"}],"replies":[{"embeddable":true,"href":"https:\/\/ww1route.eu\/lv\/wp-json\/wp\/v2\/comments?post=48"}],"version-history":[{"count":5,"href":"https:\/\/ww1route.eu\/lv\/wp-json\/wp\/v2\/pages\/48\/revisions"}],"predecessor-version":[{"id":2299,"href":"https:\/\/ww1route.eu\/lv\/wp-json\/wp\/v2\/pages\/48\/revisions\/2299"}],"up":[{"embeddable":true,"href":"https:\/\/ww1route.eu\/lv\/wp-json\/wp\/v2\/pages\/11"}],"wp:attachment":[{"href":"https:\/\/ww1route.eu\/lv\/wp-json\/wp\/v2\/media?parent=48"}],"curies":[{"name":"wp","href":"https:\/\/api.w.org\/{rel}","templated":true}]}}