{"id":52,"date":"2022-08-22T14:14:37","date_gmt":"2022-08-22T11:14:37","guid":{"rendered":"http:\/\/ww1route.eu\/?page_id=52"},"modified":"2023-02-16T12:29:48","modified_gmt":"2023-02-16T10:29:48","slug":"ekspozicija-un-marsruti","status":"publish","type":"page","link":"https:\/\/ww1route.eu\/lv\/pirma-pasaules-kara-ekspozicija-turmanta\/par-mums\/ekspozicija-un-marsruti\/","title":{"rendered":"Ekspoz\u012bcija un mar\u0161ruti"},"content":{"rendered":"\n<p><strong>Iepaz\u012bstin\u0101m ar jaunu t\u016brisma objektu Zarasu (Lietuva) un Aug\u0161daugavas novadu (Latvija) pa\u0161vald\u012bb\u0101s &#8211; mar\u0161rut\u0101 \u201cPa Pirm\u0101 pasaules kara p\u0113d\u0101m\u201d.<\/strong><\/p>\n\n\n\n<p>Ce\u013cot\u0101ji \u0161ajos re\u0123ionos var izbaud\u012bt unik\u0101lu mar\u0161rutu pa Pirm\u0101 pasaules kara nocietin\u0101jumiem vai unik\u0101lo v\u0101cie\u0161u atst\u0101to mantojumu, k\u0101 ar\u012b Pirm\u0101 pasaules kara ekspoz\u012bcijas Medumos&nbsp; un Turmant\u0101.<\/p>\n\n\n\n<p>Lietuvas zieme\u013caustrumos, Zarasu rajon\u0101 un Latvijas dienvidos Aug\u0161daugavas novad\u0101 ir izveidots jauns t\u016brisma objekts &#8211; mar\u0161ruts, kas pa Pirm\u0101 pasaules kara p\u0113d\u0101m ved pa Lietuvas un Latvijas robe\u017eu. Gandr\u012bz 100 km garu mar\u0161rutu var veikt k\u0101j\u0101m, ar velosip\u0113du, ar automa\u0161\u012bnu vai t\u016bristu autobusu grup\u0101m. Mar\u0161rut\u0101 iek\u013cauti vair\u0101k nek\u0101 piecdesmit pirms 100 gadiem celti nocietin\u0101jumi vai to fragmenti, kas v\u0113l \u0161odien p\u0101rsteidz ar saviem unik\u0101lajiem arhitekt\u016bras risin\u0101jumiem, atkl\u0101j Austrumeirop\u0101 notiku\u0161o kauju m\u0113rogu un atg\u0101dina pirm\u0101 liel\u0101 kara v\u0113sturi.<\/p>\n\n\n\n<p>Lietuvas Zarasu un Latvijas Aug\u0161daugavas novadu teritorij\u0101s izkais\u012btais nocietin\u0101juma objektu mar\u0161ruts, t\u0101pat k\u0101 pirms vair\u0101k nek\u0101 100 gadiem, atkal tika savienots sakar\u012bg\u0101 nocietin\u0101jumu \u0137\u0113d\u0113, ko dikt\u0113ja pag\u0101ju\u0161\u0101 kara lo\u0123ika un apst\u0101k\u013ci, tikai \u0161odien t\u0101 vairs nekalpo karadarb\u012bbai, bet gan izzi\u0146as, izgl\u012btojo\u0161iem m\u0113r\u0137iem, milit\u0101r\u0101s in\u017eenierijas v\u0113sturei un br\u012bni\u0161\u0137\u012bg\u0101 ezera re\u0123iona iepaz\u012b\u0161anai, kuru ir jautri apmekl\u0113t gan atp\u016bsties grib\u0113t\u0101jiem, gan akt\u012bv\u0101 t\u016brisma cien\u012bt\u0101jiem.<\/p>\n\n\n\n<p>Mar\u0161ruts, kuram joproj\u0101m nav analogu Lietuv\u0101, tika izveidots p\u0113c Interreg V-A Latvijas un Lietuvas p\u0101rrobe\u017eu sadarb\u012bbas \u012bsteno\u0161anas 2014.-2020.gad\u0101. programmas projekts &#8220;Pirm\u0101 pasaules kara mantojuma t\u016brisma mar\u0161rutu un ekspoz\u012bciju izveide apmekl\u0113t\u0101ju pl\u016bsmu palielin\u0101\u0161anai pierobe\u017eas re\u0123ion\u0101&#8221;. Projekta m\u0113r\u0137is ir piesaist\u012bt Lietuvas un Latvijas pierobe\u017eas re\u0123iona apmekl\u0113t\u0101jus, izmantojot Daugavpils un Zarasu rajon\u0101 eso\u0161os Pirm\u0101 pasaules kara mantojuma objektus.<\/p>\n\n\n\n<p><strong>Unik\u0101ls Pirm\u0101 pasaules kara nocietin\u0101jumu mantojums<\/strong><\/p>\n\n\n\n<p>Teritorij\u0101, kur \u0161odien ved izzino\u0161ais mar\u0161ruts, frontes l\u012bnija tika izveidota Pirm\u0101 pasaules kara laik\u0101 un bija viens no noz\u012bm\u012bg\u0101kajiem \u0137eizara V\u0101cijas preto\u0161an\u0101s punktiem Lietuvas zieme\u013caustrumos. \u0160eit koncentr\u0113t\u0101 v\u0101cu armija tiec\u0101s uz Daugavpili un ap to bija koncentr\u0113ts liels skaits milit\u0101ro sp\u0113ku \u2013 ap 40 t\u016bksto\u0161iem karav\u012bru Zarasos (to l\u012bdz 1919. gadam sauca Novoaleksandrovska) un ap 200 t\u016bkst. Krievijas imp\u0113rijas armijas karav\u012bru frontes l\u012bnij\u0101 \u0161aj\u0101 posm\u0101.<\/p>\n\n\n\n<p>In\u017eenieri, kas projekt\u0113ja nocietin\u0101jumus, visu s\u012bki fiks\u0113ja, jo uzskat\u012bja, ka vi\u0146u pieredze noder\u0113s n\u0101kotn\u0113 un tiks aprakst\u012bta milit\u0101raj\u0101s m\u0101c\u012bbu gr\u0101mat\u0101s. Lai ar\u012b nocietin\u0101jumu objektiem bija noteiktas pras\u012bbas, nocietin\u0101jumi paties\u012bb\u0101 bija unik\u0101li, tie tika veidoti, \u0146emot v\u0113r\u0101 teritorijas reljefu, piel\u0101gojot tam atbilsto\u0161o \u0113ku formas, t\u0101p\u0113c identisku \u0113ku ir \u013coti maz. Katrai div\u012bzijai bija t\u0101 saukt\u0101s pionieru komandas, un katra no t\u0101m projekt\u0113ja un uzb\u016bv\u0113ja savus nocietin\u0101jumus sav\u0101s dislok\u0101cijas viet\u0101s. Atsevi\u0161\u0137as \u0113kas ir iek\u013cautas kult\u016bras mantojuma re\u0123istr\u0101, un to v\u0113rt\u012bg\u0101s \u012bpa\u0161\u012bbas ir tie\u0161i arhitekt\u016bras objektu unikalit\u0101te &#8211; kopiju starp tiem nav vai ir ar retiem iz\u0146\u0113mumiem.&#8221;<\/p>\n\n\n\n<p><strong>Artil\u0113rijas, nov\u0113ro\u0161anas poste\u0146i, bru\u0146ojuma noliktavas, tran\u0161eju joslas&#8230;.<\/strong><\/p>\n\n\n\n<p>Lietuvas pus\u0113 ir aptuveni 40 interesanti un v\u0113rt\u012bgi objekti, kurus ir v\u0113rts apmekl\u0113t, 30 no tiem ir \u0113rti sasniedzami, ce\u013cojot pa mar\u0161rutu, lai tos visus sasniegtu &#8211; ieteicams doties gida pavad\u012bb\u0101. Nocietin\u0101jumi ir \u013coti da\u017e\u0101di &#8211; tie ir nov\u0113ro\u0161anas poste\u0146i, noliktavas, \u013coti interesantas artil\u0113rijas vietas, kuras ir vair\u0101kas &#8211; viena pie Turmanta Latvijas pus\u0113, otra &#8211; milz\u012bga divu bateriju artil\u0113rijas vieta \u0160a\u0137u ciem\u0101. . Mar\u0161rut\u0101 var redz\u0113t pakalnos ieraktus bunkurus, k\u0101 ar\u012b ier\u012bkojumus ar starpsien\u0101m, kas pasarg\u0101ja karav\u012brus no ienaidnieka artil\u0113rijas. Blakus ce\u013cam ir saglab\u0101jusies kara slimn\u012bcas \u0113ka, k\u0101 ar\u012b vismaz vair\u0101kas v\u0101cu karav\u012bru kaps\u0113tas, kur\u0101s joproj\u0101m ir saglab\u0101ju\u0161ies ori\u0123in\u0101lie pieminek\u013ci.<\/p>\n\n\n\n<p>Lai gan saimniecisk\u0101s darb\u012bbas laik\u0101 daudz kas ir nopost\u012bts, saglab\u0101ju\u0161\u0101s \u0113ku da\u013cas no beton\u0113ta, fragment\u0101ri redzamas tran\u0161eju \u0137\u0113des, viet\u0101m saglab\u0101jies viss nocietin\u0101jums, kas ir v\u0113l iespaid\u012bg\u0101k, ja zini. ko tas noz\u012bm\u0113 un k\u0101p\u0113c tas tika uzst\u0101d\u012bts vien\u0101 vai otr\u0101 viet\u0101. Milz\u012bgo tran\u0161eju joslu m\u0113rogu var saprast \u012bpa\u0161i Latvijas pus\u0113, pap\u0113tot t\u0101 laika kartes.<\/p>\n\n\n\n<p><strong>57 km &#8211; Lietuv\u0101, 42 km &#8211; Latvij\u0101<\/strong><\/p>\n\n\n\n<p>Mar\u0161ruta garums ir 57 km Lietuvas teritorij\u0101 un 42 km Latvijas pus\u0113. Ce\u013cot\u0101jiem to ir \u013coti \u0113rti sasniegt, jo Lietuvas pus\u0113 praktiski visi galvenie objekti atrodas pie ce\u013ciem, t\u0101p\u0113c var p\u0101rvietoties gan k\u0101j\u0101m, gan ar jebkuru transportu. Tikai ar autobusu viet\u0101m ir gr\u016bt\u0101k izbraukt me\u017ea ce\u013cus, t\u0101p\u0113c n\u0101ktos tos atst\u0101t un l\u012bdz nocietin\u0101jumiem iet k\u0101j\u0101m.<\/p>\n\n\n\n<p>Ir vismaz vair\u0101kas vietas, kur var s\u0101kt mar\u0161rutu, ta\u010du m\u0113s iesak\u0101m t\u016bristu grup\u0101m Lietuv\u0101 start\u0113t no Turmanta, no s\u0101kumskolas, kur ir \u0113rti pulc\u0113ties, turkl\u0101t ir ar\u012b \u0161im mar\u0161rutam velt\u012bta ekspoz\u012bcija, kas demonstr\u0113 visu, kas tika izveidots pirms vair\u0101k nek\u0101 100 gadiem, sav\u0101kts un sagl\u0101b\u0101ts lai atspogu\u013cot notiku\u0161\u0101s kara c\u012b\u0146as. L\u012bdz\u012bga ekspoz\u012bcija, kas velt\u012bta \u0161im Pirm\u0101 pasaules kara v\u0113stures posmam, apskat\u0101ma ar\u012b Medumu ciemat\u0101 Latvij\u0101.<\/p>\n\n\n\n<p><strong>Mar\u0161ruta centrs Lietuv\u0101 ir Turmantas, Latvij\u0101 &#8211; Medumu apkaim\u0113<\/strong><\/p>\n\n\n\n<p>Noraucot 5 km var daudz ko interesantu redz\u0113t, ta\u010du var nobraukt ar\u012b visus 99 km. T\u0101 k\u0101 liel\u0101k\u0101 da\u013ca objektu ir pieejami pa ce\u013cu, mar\u0161rutu var main\u012bt da\u017e\u0101dos veidos atkar\u012bb\u0101 no ce\u013cot\u0101ju vajadz\u012bb\u0101m un transportl\u012bdzek\u013ca veida, ar kuru vi\u0146i pl\u0101no ce\u013cot. Velosip\u0113distiem ieteicams 40-50 km, bet k\u0101j\u0101m 10-20 km. Turmantas pils\u0113tas teritorij\u0101 koncentr\u0113jas liel\u0101k\u0101 da\u013ca objektu, kurus ir v\u0113rts apmekl\u0113t Lietuvas pus\u0113. Divi galvenie posmi jau izveidoti un apmekl\u0113t\u0101ju p\u0101rbaud\u012bti &#8211; tie ir 10 km ap Turmantu un apm\u0113ram 12 km interesanta asto\u0146nieka forma mar\u0161rut\u0101 gar Dr\u016bk\u0161tu, Besti\u0146a un Skirnas ezeru krastiem.<\/p>\n\n\n\n<p>Pie Zarasiem ar\u012b ir saglab\u0101ju\u0161ies nocietin\u0101jumi. \u012apa\u0161i interesants objekts atrodas net\u0101lu no \u0160melines ciema. Latvijas pus\u0113 \u0112\u0123iptes ciem\u0101 atrodas luter\u0101\u0146u bazn\u012bca, tai blakus ir v\u0101cu karav\u012bru kaps\u0113ta. Pati bazn\u012bca tika nopost\u012bta \u2013 Pirm\u0101 pasaules kara laik\u0101 taj\u0101 tr\u0101p\u012bja \u0161\u0101vi\u0146\u0161. Lietuvas pus\u0113 &#8211; \u0160melines bazn\u012bcas viet\u0101, bija vec\u0101 m\u0101c\u012bt\u0101jm\u0101ja, un t\u0101l\u0101k var atrast 77. v\u0101cu div\u012bzijas komandpunkta atra\u0161an\u0101s vietu, kas atrad\u0101s nopost\u012btaj\u0101 Laukesas mui\u017e\u0101. Pastaig\u0101joties nedaudz t\u0101l\u0101k, Laukesas pilskaln\u0101 ce\u013cot\u0101ji atrad\u012bs vismaz da\u017eus nocietin\u0101jumus.<\/p>\n\n\n\n<p><strong>Frontes aizmugure &#8211; karav\u012bru m\u0101jas atp\u016btai, izklaidei un kaps\u0113tas<\/strong><\/p>\n\n\n\n<p>P\u0113c v\u0113sturnieka dom\u0101m, starp k\u0101dreiz\u0113jiem nocietin\u0101jumiem ir ar\u012b interesanti objekti. Pirm\u0101 pasaules kara laik\u0101 fronte g\u0101ja cauri visai tagad\u0113j\u0101s Zarasu pa\u0161vald\u012bbas teritorijai un t\u0101l\u0101k, Latvijas teritorijai, l\u012bdz Daugavpilij. Apgabalam bija liela milit\u0101r\u0101 noz\u012bme dzelzce\u013ca t\u012bkla d\u0113\u013c. Turmanta ir pirm\u0101 pils\u0113ta Lietuv\u0101, uz kuru 1862. g. p\u0113c P\u0113terburgas-Var\u0161avas dzelzce\u013ca izb\u016bves ierad\u0101s pirmais vilciens. Dzelzce\u013ca l\u012bnija no Turmanta ved uz Daugavpili, tur pagrie\u017eas un turpin\u0101s uz Roki\u0161\u0137iem. \u0160o veco dzelzce\u013ca mar\u0161rutu \u0161\u0137\u0113rsoja Pirm\u0101 pasaules kara laik\u0101 v\u0101cie\u0161u ier\u012bkotais \u0161aurslie\u017eu dzelzce\u013ca t\u012bkls.<\/p>\n\n\n\n<p>\u0136eizarisk\u0101s v\u0101cijas sp\u0113ki vair\u0101k\u0101s viet\u0101s pietuvoj\u0101s Daugavai. V\u0101cie\u0161u priek\u0161\u0113j\u0101s poz\u012bcijas atrad\u0101s apm\u0113ram 5 km att\u0101lum\u0101 no Zarasiem uz Latviju, un liel\u0101k\u0101s pils\u0113tas &#8211; Salaka, Novoaleksandrovska un Stelmu\u017e\u0117s, Laukesas, Imbrado, Antazaves mui\u017eas tika izmantotas k\u0101 da\u013ca no aizmugures frontes. Tur no frontes l\u012bnij\u0101m atvilktie karav\u012bri atp\u016bt\u0101s, rakst\u012bja v\u0113stules, tika izveidotas karav\u012bru m\u012btnes, darboj\u0101s te\u0101tris, kazino, borde\u013ci u.c. Miru\u0161ie karav\u012bri tika apbed\u012bti dzi\u013c\u0101k aizmugur\u0113.<\/p>\n\n\n\n<p>Mar\u0161rut\u0101 apskat\u0101mas \u010detras v\u0101cu karav\u012bru kaps\u0113tas, un kopum\u0101 Zarasu novad\u0101 to ir vair\u0101k nek\u0101 desmit, Aug\u0161daugavas novad\u0101 asto\u0146as. Interesanta, bet gr\u016bt\u0101k atrodama ir kaps\u0113ta ar pilota kapu (v\u0101cie\u0161i te bija ier\u012bkoju\u0161i lidlauku). \u0160a\u0137u ciem\u0101 saglab\u0101ju\u0161ies ar\u012b 88. k\u0101jnieku div\u012bzijas 175. brig\u0101des kapi, kas sast\u0101v\u0113ja no diviem k\u0101jnieku pulkiem. Turmant\u0101 ir milz\u012bgie 88. div\u012bzijas kapi. Padomju gados tie tika izn\u012bcin\u0101ti, un milz\u012bgais piemineklis tur st\u0101vo\u0161ajiem v\u0101cu karav\u012briem tika p\u0101rveidots par pieminekli Otr\u0101 pasaules kara laik\u0101 kritu\u0161ajiem padomju karav\u012briem. T\u0101 k\u0101 vecie v\u0101cu karav\u012bru kapu pieminek\u013ci tika atrasti m\u016bsdien\u0101s, tad Turmant\u0101 ir pl\u0101nots atjaunot \u0161o kaps\u0113tu.<\/p>\n\n\n\n<p><strong>Turmant\u0101 var nok\u013c\u016bt ar vilcienu no Vi\u013c\u0146as<\/strong><\/p>\n\n\n\n<p>Lai gan mar\u0161rutu Turmantas &#8211; Medumi &#8211; Zarasai var apmekl\u0113t patst\u0101v\u012bgi &#8211; ir nor\u0101des un informat\u012bvie stendi, ta\u010du mar\u0161ruta organizatori iesaka s\u0101kt t\u0101 pl\u0101no\u0161anu, sazinoties ar Zarasu T\u016brisma un biznesa inform\u0101cijas centru, kur ieg\u016bsiet visu inform\u0101ciju, noder\u012bgus nor\u0101d\u012bjumus un padomus vai izmantojiet gidu pakalpojumus. T\u0101pat ar Zarasu t\u016brisma un biznesa inform\u0101cijas centra pal\u012bdz\u012bbu var organiz\u0113t \u0113din\u0101\u0161anu un vienoties par cit\u0101m liet\u0101m, pakalpojumiem. Piem\u0113ram, Turmant\u0101 var pas\u016bt\u012bt izgl\u012btojo\u0161u sp\u0113li, viet\u0113jai auditorijai piel\u0101gotu &#8220;b\u0113g\u0161anas istabas&#8221; interpret\u0101ciju, &#8211; atrodiet Turmantu bunkurus.<\/p>\n\n\n\n<p>\u0160is mar\u0161ruts rada diezgan lielas iesp\u0113jas apmekl\u0113t\u0101ju piesaistei Turmantu pils\u0113ti\u0146ai, kas m\u016bsdien\u0101s ir zaud\u0113jusi savu sen iedibin\u0101to &#8220;pils\u0113tas pie dzelzce\u013ca&#8221; funkciju, kad \u0161eit tika izveidotas kravu noliktavas, izveidoj\u0101s zin\u0101ms lo\u0123istikas centrs. Cerams, ka, papla\u0161inoties ar t\u016brismu saist\u012bto pakalpojumu kl\u0101stam, pils\u0113ti\u0146a ilgtermi\u0146\u0101 var atg\u016bties k\u0101 interesants apskates objekts. Jo \u012bpa\u0161i t\u0101p\u0113c, ka Turmantas ir viegli sasniedzams ar vilcienu no Ignalinas, \u0160ven\u010dion\u0117li un Vi\u013c\u0146as. L\u012bdz\u0101s Pirm\u0101 pasaules kara v\u0113sturiskajam mantojumam Turmantas pils\u0113ta ir interesanta ar\u012b citos aspektos &#8211; pils\u0113tas dienvidu robe\u017ea iet gar Lietuvas liel\u0101k\u0101 ezera Dr\u016bk\u0161u krastu, un pils\u0113tas teritorij\u0101 var apmekl\u0113jiet, iesp\u0113jams, t\u012br\u0101ko ezeru Lietuv\u0101, kura \u016bdeni viet\u0113jie iedz\u012bvot\u0101ji joproj\u0101m drosm\u012bgi izmanto sl\u0101pju veldz\u0113\u0161anai un \u0113diena gatavo\u0161anai.<\/p>\n\n\n\n<p><strong>Mar\u0161ruts Turmantas &#8211; Medumi &#8211; Zarasai &#8211; gaida p\u0101rg\u0101jienus un atp\u016btniekus<\/strong><\/p>\n\n\n\n<p>Starptautiskais mar\u0161ruts tikai uz\u0146em apgriezienus, ta\u010du ar\u012b tagad nemit\u012bgi tiek organiz\u0113tas ekskursijas un p\u0101rg\u0101jieni. Ekspoz\u012bcijas Turmant\u0101 un Medumos joproj\u0101m piepilda ar jaunatkl\u0101tiem artefaktiem, g\u0101j\u0113ju celi\u0146i v\u0113l nav slaveni ar apmekl\u0113t\u0101ju pl\u016bsmu visur, t\u0101p\u0113c, ja esi gatavs apce\u013cot Lietuvu vai Latviju, \u0161ie novadi var p\u0101rsteigt ar unik\u0101liem objektiem, interesantiem v\u0113stures faktiem un jautriem ce\u013cojumiem ezeru zem\u0113.<\/p>\n\n\n\n<p>2021. gad\u0101 Zarasu TIC un Aug\u0161daugavas novada pa\u0161vald\u012bbas iest\u0101dei TAKA rad\u0101s kop\u012bga ideja par projektu, kas dot\u0101s aktivit\u0101tes \u013cautu pasniegt cit\u0101, daudz augst\u0101k\u0101 l\u012bmen\u012b, k\u0101 ar\u012b dotu ekonomisku pienesumu m\u016bsu re\u0123ionam. 2021. gada s\u0101kum\u0101 abi partneri uzs\u0101ka projekta LATLIT \u201cPirm\u0101 pasaules kara mantojuma t\u016brisma mar\u0161ruta un ekspoz\u012bcijas izveide ar m\u0113r\u0137i piesaist\u012bt apmekl\u0113t\u0101jus pierobe\u017eas zon\u0101\u201d \u012bsteno\u0161anu. Projekta m\u0113r\u0137is ir palielin\u0101t apmekl\u0113t\u0101ju skaitu Lietuvas un Latvijas pierobe\u017eas re\u0123ionos, izmantojot Pirm\u0101 Pasaules kara mantojumu, kas atrodas Aug\u0161daugavas un Zarasu novados.<br>Pirm\u0101 Pasaules kara laik\u0101 V\u0101cijas armija izveidoja unik\u0101lu nocietin\u0101jumu sist\u0113mu, kas ir saglab\u0101jusies jau vair\u0101k nek\u0101 simts gadus un ir interesanta t\u016bristiem. Projekta \u012bsteno\u0161anas rezult\u0101t\u0101 2 gadu laik\u0101 tiks izveidotas Pirm\u0101 Pasaules kara ekspoz\u012bcijas Turmantas (Lietuva) un Medumos (Latvija), k\u0101 ar\u012b sakopta infrastrukt\u016bra un izveidots starptautisks t\u016brisma mar\u0161ruts.<br>Medumu ekspoz\u012bcijas centra apmekl\u0113t\u0101jiem ir iesp\u0113jams ne tikai apskat\u012bties v\u0113sturiskus artefaktus, bet ar\u012b iejusties karav\u012bra lom\u0101. Vien\u0101 no ekspoz\u012bciju z\u0101l\u0113m ir izveidota bunkura imit\u0101cija \u2013 fragments no ierakuma ar nelielu sl\u0113ptuvi, karalauka atrib\u016btiem, karav\u012bru manekeniem. Liela uzman\u012bba tiek velt\u012bta audio un video apr\u012bkojam, kas dos iesp\u0113ju iejusties karalauka atmosf\u0113r\u0101.<br>Ar Pirm\u0101 pasaules kara v\u0113sturisko mantojumu ir iesp\u0113jams iepaz\u012bties ar\u012b t\u016brisma mar\u0161rut\u0101, kas sast\u0101v no vair\u0101kiem milit\u0101riem objektiem Latvijas un Lietuvas teritorij\u0101, kas ir saglab\u0101ju\u0161ies sal\u012bdzino\u0161i lab\u0101 st\u0101vokl\u012b ab\u0101s robe\u017eas pus\u0113s. T\u0101 k\u0101 objekti atrodas diezgan t\u0101lu viens no otra, apmekl\u0113t\u0101ju \u0113rt\u012bbai tiek pied\u0101v\u0101ti 10 velosip\u0113di, k\u0101 ar\u012b 5 elektrovelosip\u0113di, kas piem\u0113roti cilv\u0113kiem ar at\u0161\u0137ir\u012bgiem fiziskas sagatavot\u012bbas l\u012bme\u0146iem.<\/p>\n","protected":false},"excerpt":{"rendered":"<p>Iepaz\u012bstin\u0101m ar jaunu t\u016brisma objektu Zarasu (Lietuva) un Aug\u0161daugavas novadu (Latvija) pa\u0161vald\u012bb\u0101s &#8211; mar\u0161rut\u0101 \u201cPa Pirm\u0101 pasaules kara p\u0113d\u0101m\u201d. Ce\u013cot\u0101ji \u0161ajos re\u0123ionos var izbaud\u012bt unik\u0101lu mar\u0161rutu pa Pirm\u0101 pasaules kara nocietin\u0101jumiem vai unik\u0101lo v\u0101cie\u0161u atst\u0101to mantojumu, k\u0101 ar\u012b Pirm\u0101 pasaules kara ekspoz\u012bcijas Medumos&nbsp; un Turmant\u0101. Lietuvas zieme\u013caustrumos, Zarasu rajon\u0101 un Latvijas dienvidos Aug\u0161daugavas novad\u0101 ir [&hellip;]<\/p>\n","protected":false},"author":1,"featured_media":0,"parent":46,"menu_order":0,"comment_status":"closed","ping_status":"closed","template":"","meta":{"footnotes":""},"class_list":["post-52","page","type-page","status-publish","hentry"],"acf":[],"_links":{"self":[{"href":"https:\/\/ww1route.eu\/lv\/wp-json\/wp\/v2\/pages\/52","targetHints":{"allow":["GET"]}}],"collection":[{"href":"https:\/\/ww1route.eu\/lv\/wp-json\/wp\/v2\/pages"}],"about":[{"href":"https:\/\/ww1route.eu\/lv\/wp-json\/wp\/v2\/types\/page"}],"author":[{"embeddable":true,"href":"https:\/\/ww1route.eu\/lv\/wp-json\/wp\/v2\/users\/1"}],"replies":[{"embeddable":true,"href":"https:\/\/ww1route.eu\/lv\/wp-json\/wp\/v2\/comments?post=52"}],"version-history":[{"count":5,"href":"https:\/\/ww1route.eu\/lv\/wp-json\/wp\/v2\/pages\/52\/revisions"}],"predecessor-version":[{"id":2424,"href":"https:\/\/ww1route.eu\/lv\/wp-json\/wp\/v2\/pages\/52\/revisions\/2424"}],"up":[{"embeddable":true,"href":"https:\/\/ww1route.eu\/lv\/wp-json\/wp\/v2\/pages\/46"}],"wp:attachment":[{"href":"https:\/\/ww1route.eu\/lv\/wp-json\/wp\/v2\/media?parent=52"}],"curies":[{"name":"wp","href":"https:\/\/api.w.org\/{rel}","templated":true}]}}