{"id":54,"date":"2022-08-22T14:16:12","date_gmt":"2022-08-22T11:16:12","guid":{"rendered":"http:\/\/ww1route.eu\/?page_id=54"},"modified":"2023-02-16T12:13:04","modified_gmt":"2023-02-16T10:13:04","slug":"kontakti","status":"publish","type":"page","link":"https:\/\/ww1route.eu\/lv\/pirma-pasaules-kara-ekspozicija-turmanta\/par-mums\/kontakti\/","title":{"rendered":"Kontakti"},"content":{"rendered":"\n<p><strong>Zarasu T\u016brisma un biznesa inform\u0101cijas centrs<\/strong><\/p>\n\n\n\n<p>Adrese: <em>S\u0117li\u0173 a. 22, Zarasai, LT-32110<\/em><\/p>\n\n\n\n<p>T\u0101lr.: +370 68240988, +370 38537171<\/p>\n\n\n\n<p>E-pasts: turizmas@zarasai.lt<\/p>\n\n\n\n<p>M\u0101jaslapa: <a href=\"http:\/\/www.visitzarasai.lt\">www.visitzarasai.lt<\/a><\/p>\n\n\n\n<p><strong>Pirm\u0101 pasaules kara ekspoz\u012bcija Turmant\u0101<\/strong><\/p>\n\n\n\n<p>Adrese: <em>Til\u017e\u0117s g. 21, 32203 Turmantas<\/em><\/p>\n\n\n\n<p>T\u0101lr.: +370 62023114<\/p>\n\n\n\n<p>E-pasts: info@visitzarasai.lt<\/p>\n","protected":false},"excerpt":{"rendered":"<p>Zarasu T\u016brisma un biznesa inform\u0101cijas centrs Adrese: S\u0117li\u0173 a. 22, Zarasai, LT-32110 T\u0101lr.: +370 68240988, +370 38537171 E-pasts: turizmas@zarasai.lt M\u0101jaslapa: www.visitzarasai.lt Pirm\u0101 pasaules kara ekspoz\u012bcija Turmant\u0101 Adrese: Til\u017e\u0117s g. 21, 32203 Turmantas T\u0101lr.: +370 62023114 E-pasts: info@visitzarasai.lt<\/p>\n","protected":false},"author":1,"featured_media":0,"parent":46,"menu_order":0,"comment_status":"closed","ping_status":"closed","template":"","meta":{"footnotes":""},"class_list":["post-54","page","type-page","status-publish","hentry"],"acf":[],"_links":{"self":[{"href":"https:\/\/ww1route.eu\/lv\/wp-json\/wp\/v2\/pages\/54","targetHints":{"allow":["GET"]}}],"collection":[{"href":"https:\/\/ww1route.eu\/lv\/wp-json\/wp\/v2\/pages"}],"about":[{"href":"https:\/\/ww1route.eu\/lv\/wp-json\/wp\/v2\/types\/page"}],"author":[{"embeddable":true,"href":"https:\/\/ww1route.eu\/lv\/wp-json\/wp\/v2\/users\/1"}],"replies":[{"embeddable":true,"href":"https:\/\/ww1route.eu\/lv\/wp-json\/wp\/v2\/comments?post=54"}],"version-history":[{"count":3,"href":"https:\/\/ww1route.eu\/lv\/wp-json\/wp\/v2\/pages\/54\/revisions"}],"predecessor-version":[{"id":2412,"href":"https:\/\/ww1route.eu\/lv\/wp-json\/wp\/v2\/pages\/54\/revisions\/2412"}],"up":[{"embeddable":true,"href":"https:\/\/ww1route.eu\/lv\/wp-json\/wp\/v2\/pages\/46"}],"wp:attachment":[{"href":"https:\/\/ww1route.eu\/lv\/wp-json\/wp\/v2\/media?parent=54"}],"curies":[{"name":"wp","href":"https:\/\/api.w.org\/{rel}","templated":true}]}}