{"id":59,"date":"2022-08-22T14:18:20","date_gmt":"2022-08-22T11:18:20","guid":{"rendered":"http:\/\/ww1route.eu\/?page_id=59"},"modified":"2023-03-13T16:37:52","modified_gmt":"2023-03-13T14:37:52","slug":"cenradis","status":"publish","type":"page","link":"https:\/\/ww1route.eu\/lv\/pirma-pasaules-kara-ekspozicija-turmanta\/apmekletajiem\/cenradis\/","title":{"rendered":"Cenr\u0101dis"},"content":{"rendered":"\n<figure class=\"wp-block-table\"><table><tbody><tr><td>Ieejas maksa skol\u0113niem, studentiem, pension\u0101riem, person\u0101m ar \u012bpa\u0161\u0101m vajadz\u012bb\u0101m <\/td><td>\u20ac 1.00<\/td><\/tr><tr><td>Ieejas maksa pieaugu\u0161ajiem<\/td><td>\u20ac 3.00<\/td><\/tr><tr><td><strong>Tematisk\u0101s ekskursijas\/programmas<\/strong><\/td><td>&nbsp;<\/td><\/tr><tr><td>Gida pakalpojumi izst\u0101\u017eu centr\u0101 grupai l\u012bdz 10 cilv\u0113kiem<\/td><td>\u20ac 4.50<\/td><\/tr><tr><td>Gida pakalpojumi izst\u0101\u017eu centr\u0101 grupai l\u012bdz 30 cilv\u0113kiem<\/td><td>\u20ac 7.00<\/td><\/tr><tr><td>Muzejizgl\u012btojo\u0161\u0101 programma (1 personai)<\/td><td>\u20ac 3.00<\/td><\/tr><tr><td>Gida pakalpojumi dab\u0101 (velobrauk\u0161ana) grupai l\u012bdz 10 person\u0101m\/stund\u0101<\/td><td>\u20ac&nbsp;30.00<\/td><\/tr><tr><td>Gida pakalpojumi dab\u0101 (velobrauk\u0161ana) grupai l\u012bdz 30 person\u0101m\/stund\u0101<\/td><td>\u20ac&nbsp;50.00&nbsp;<\/td><\/tr><tr><td>Ekskursiju un p\u0101rg\u0101jienu cena tiek saska\u0146ota individu\u0101li ar organizatoriem (cena atkar\u012bga no laika un grupas lieluma)<\/td><td>\u20ac&nbsp;50.00&nbsp;&nbsp;-\u20ac150.00&nbsp;&nbsp;<\/td><\/tr><tr><td>Velosip\u0113du noma<\/td><td><\/td><\/tr><tr><td>Velosip\u0113du noma<\/td><td>\u20ac5.00\/h, \u20ac15.00\/dien\u0101<\/td><\/tr><tr><td>Elektrisko velosip\u0113du noma<\/td><td>\u20ac10.00\/h \u20ac30.00\/dien\u0101<\/td><\/tr><tr><td>Velosip\u0113da \u0101\u0137a noma<\/td><td>\u20ac10.00\/dien\u0101<\/td><\/tr><tr><td>Velosip\u0113du transport\u0113\u0161anas pakalpojums<\/td><td>\u20ac75,00 dien\u0101<\/td><\/tr><\/tbody><\/table><\/figure>\n\n\n\n<p><\/p>\n","protected":false},"excerpt":{"rendered":"<p>Ieejas maksa skol\u0113niem, studentiem, pension\u0101riem, person\u0101m ar \u012bpa\u0161\u0101m vajadz\u012bb\u0101m \u20ac 1.00 Ieejas maksa pieaugu\u0161ajiem \u20ac 3.00 Tematisk\u0101s ekskursijas\/programmas &nbsp; Gida pakalpojumi izst\u0101\u017eu centr\u0101 grupai l\u012bdz 10 cilv\u0113kiem \u20ac 4.50 Gida pakalpojumi izst\u0101\u017eu centr\u0101 grupai l\u012bdz 30 cilv\u0113kiem \u20ac 7.00 Muzejizgl\u012btojo\u0161\u0101 programma (1 personai) \u20ac 3.00 Gida pakalpojumi dab\u0101 (velobrauk\u0161ana) grupai l\u012bdz 10 person\u0101m\/stund\u0101 \u20ac&nbsp;30.00 Gida [&hellip;]<\/p>\n","protected":false},"author":1,"featured_media":0,"parent":56,"menu_order":0,"comment_status":"closed","ping_status":"closed","template":"","meta":{"footnotes":""},"class_list":["post-59","page","type-page","status-publish","hentry"],"acf":[],"_links":{"self":[{"href":"https:\/\/ww1route.eu\/lv\/wp-json\/wp\/v2\/pages\/59","targetHints":{"allow":["GET"]}}],"collection":[{"href":"https:\/\/ww1route.eu\/lv\/wp-json\/wp\/v2\/pages"}],"about":[{"href":"https:\/\/ww1route.eu\/lv\/wp-json\/wp\/v2\/types\/page"}],"author":[{"embeddable":true,"href":"https:\/\/ww1route.eu\/lv\/wp-json\/wp\/v2\/users\/1"}],"replies":[{"embeddable":true,"href":"https:\/\/ww1route.eu\/lv\/wp-json\/wp\/v2\/comments?post=59"}],"version-history":[{"count":4,"href":"https:\/\/ww1route.eu\/lv\/wp-json\/wp\/v2\/pages\/59\/revisions"}],"predecessor-version":[{"id":2872,"href":"https:\/\/ww1route.eu\/lv\/wp-json\/wp\/v2\/pages\/59\/revisions\/2872"}],"up":[{"embeddable":true,"href":"https:\/\/ww1route.eu\/lv\/wp-json\/wp\/v2\/pages\/56"}],"wp:attachment":[{"href":"https:\/\/ww1route.eu\/lv\/wp-json\/wp\/v2\/media?parent=59"}],"curies":[{"name":"wp","href":"https:\/\/api.w.org\/{rel}","templated":true}]}}