{"id":61,"date":"2022-08-22T14:21:10","date_gmt":"2022-08-22T11:21:10","guid":{"rendered":"http:\/\/ww1route.eu\/?page_id=61"},"modified":"2023-02-16T12:35:37","modified_gmt":"2023-02-16T10:35:37","slug":"ekskursijas","status":"publish","type":"page","link":"https:\/\/ww1route.eu\/lv\/pirma-pasaules-kara-ekspozicija-turmanta\/apmekletajiem\/ekskursijas\/","title":{"rendered":"Ekskursijas"},"content":{"rendered":"\n<p><strong>Ekskursijas Latvijas teritorij\u0101<\/strong> var pieteikt, zvanot pa t\u0101lru\u0146iem +371 29431360, +371 26274123 vai s\u016btot piepras\u012bjumu uz e-pastu <a href=\"info@ww1route.lv\">info@ww1route.lv<\/a>, <a href=\"mailto:turisms@augsdaugavasnovads.lv\">turisms@augsdaugavasnovads.lv<\/a>.<\/p>\n\n\n\n<p><strong>Ekskursijas Lietuvas teritorij\u0101<\/strong> var pieteikt pa t\u0101lru\u0146iem +370 62023114, +370 38537171 vai s\u016btot piepras\u012bjumu uz e-pastu <a href=\"mailto:info@ww1route.lt\">info@ww1route.lt<\/a>.<\/p>\n","protected":false},"excerpt":{"rendered":"<p>Ekskursijas Latvijas teritorij\u0101 var pieteikt, zvanot pa t\u0101lru\u0146iem +371 29431360, +371 26274123 vai s\u016btot piepras\u012bjumu uz e-pastu info@ww1route.lv, turisms@augsdaugavasnovads.lv. Ekskursijas Lietuvas teritorij\u0101 var pieteikt pa t\u0101lru\u0146iem +370 62023114, +370 38537171 vai s\u016btot piepras\u012bjumu uz e-pastu info@ww1route.lt.<\/p>\n","protected":false},"author":1,"featured_media":0,"parent":56,"menu_order":0,"comment_status":"closed","ping_status":"closed","template":"","meta":{"footnotes":""},"class_list":["post-61","page","type-page","status-publish","hentry"],"acf":[],"_links":{"self":[{"href":"https:\/\/ww1route.eu\/lv\/wp-json\/wp\/v2\/pages\/61","targetHints":{"allow":["GET"]}}],"collection":[{"href":"https:\/\/ww1route.eu\/lv\/wp-json\/wp\/v2\/pages"}],"about":[{"href":"https:\/\/ww1route.eu\/lv\/wp-json\/wp\/v2\/types\/page"}],"author":[{"embeddable":true,"href":"https:\/\/ww1route.eu\/lv\/wp-json\/wp\/v2\/users\/1"}],"replies":[{"embeddable":true,"href":"https:\/\/ww1route.eu\/lv\/wp-json\/wp\/v2\/comments?post=61"}],"version-history":[{"count":6,"href":"https:\/\/ww1route.eu\/lv\/wp-json\/wp\/v2\/pages\/61\/revisions"}],"predecessor-version":[{"id":2430,"href":"https:\/\/ww1route.eu\/lv\/wp-json\/wp\/v2\/pages\/61\/revisions\/2430"}],"up":[{"embeddable":true,"href":"https:\/\/ww1route.eu\/lv\/wp-json\/wp\/v2\/pages\/56"}],"wp:attachment":[{"href":"https:\/\/ww1route.eu\/lv\/wp-json\/wp\/v2\/media?parent=61"}],"curies":[{"name":"wp","href":"https:\/\/api.w.org\/{rel}","templated":true}]}}