{"id":63,"date":"2022-08-22T14:24:37","date_gmt":"2022-08-22T11:24:37","guid":{"rendered":"http:\/\/ww1route.eu\/?page_id=63"},"modified":"2025-12-11T12:26:24","modified_gmt":"2025-12-11T10:26:24","slug":"darba-laiks","status":"publish","type":"page","link":"https:\/\/ww1route.eu\/lv\/pirma-pasaules-kara-ekspozicija-turmanta\/apmekletajiem\/darba-laiks\/","title":{"rendered":"Darba laiks"},"content":{"rendered":"\n<p>Darba laiks<\/p>\n\n\n\n<p>Pirmdiena \u2013 br\u012bvdiena<br>Otrdiena \u2013 12.00-17.00<br>Tre\u0161diena \u2013 12.00-17.00<br>Ceturtdiena \u2013 12.00-17.00<br>Piektdiena \u2013 12.00-17.00<br>Sestdiena \u2013 12.00-17.00<br>Sv\u0113tdiena \u2013 br\u012bvdiena<\/p>\n\n\n\n<p>Ekskursijas un muzeja apmekl\u0113jumu grup\u0101m cit\u0101s dien\u0101s&nbsp; var pieteikt pa t\u0101lru\u0146iem +371 26274123, +371 29431360.<\/p>\n","protected":false},"excerpt":{"rendered":"<p>Darba laiks Pirmdiena \u2013 br\u012bvdienaOtrdiena \u2013 12.00-17.00Tre\u0161diena \u2013 12.00-17.00Ceturtdiena \u2013 12.00-17.00Piektdiena \u2013 12.00-17.00Sestdiena \u2013 12.00-17.00Sv\u0113tdiena \u2013 br\u012bvdiena Ekskursijas un muzeja apmekl\u0113jumu grup\u0101m cit\u0101s dien\u0101s&nbsp; var pieteikt pa t\u0101lru\u0146iem +371 26274123, +371 29431360.<\/p>\n","protected":false},"author":1,"featured_media":0,"parent":56,"menu_order":0,"comment_status":"closed","ping_status":"closed","template":"","meta":{"footnotes":""},"class_list":["post-63","page","type-page","status-publish","hentry"],"acf":[],"_links":{"self":[{"href":"https:\/\/ww1route.eu\/lv\/wp-json\/wp\/v2\/pages\/63","targetHints":{"allow":["GET"]}}],"collection":[{"href":"https:\/\/ww1route.eu\/lv\/wp-json\/wp\/v2\/pages"}],"about":[{"href":"https:\/\/ww1route.eu\/lv\/wp-json\/wp\/v2\/types\/page"}],"author":[{"embeddable":true,"href":"https:\/\/ww1route.eu\/lv\/wp-json\/wp\/v2\/users\/1"}],"replies":[{"embeddable":true,"href":"https:\/\/ww1route.eu\/lv\/wp-json\/wp\/v2\/comments?post=63"}],"version-history":[{"count":6,"href":"https:\/\/ww1route.eu\/lv\/wp-json\/wp\/v2\/pages\/63\/revisions"}],"predecessor-version":[{"id":3437,"href":"https:\/\/ww1route.eu\/lv\/wp-json\/wp\/v2\/pages\/63\/revisions\/3437"}],"up":[{"embeddable":true,"href":"https:\/\/ww1route.eu\/lv\/wp-json\/wp\/v2\/pages\/56"}],"wp:attachment":[{"href":"https:\/\/ww1route.eu\/lv\/wp-json\/wp\/v2\/media?parent=63"}],"curies":[{"name":"wp","href":"https:\/\/api.w.org\/{rel}","templated":true}]}}