{"id":82,"date":"2022-08-22T14:47:52","date_gmt":"2022-08-22T11:47:52","guid":{"rendered":"http:\/\/ww1route.eu\/?page_id=82"},"modified":"2023-02-16T12:14:30","modified_gmt":"2023-02-16T10:14:30","slug":"par-mums","status":"publish","type":"page","link":"https:\/\/ww1route.eu\/lv\/par-mums\/","title":{"rendered":"Par projektu"},"content":{"rendered":"\n<p>Padzi\u013cin\u0101ta Pirm\u0101 pasaules kara mantojuma izp\u0113te Zarasu novad\u0101 aizs\u0101k\u0101s jau 2006. gad\u0101, kad milit\u0101rie v\u0113sturnieki Valdas Rakutis un Vladimirs Orlovs ierosin\u0101ja organiz\u0113t&nbsp; apskates\/izp\u0113tes eksped\u012bciju Turmantas pagasta apkaim\u0113, bet v\u0113l\u0101k ar\u012b konferenci \u0161\u012b mantojuma prezent\u0113\u0161anai. P\u0113t\u012bjuma materi\u0101ls aprakst\u012bts Vladimira Orlova gr\u0101mat\u0101 &#8220;20. gadsimta fortifik\u0101cija Lietuv\u0101&#8221;<\/p>\n\n\n\n<p>Uz p\u0113t\u012bjumu pamata pirmie septi\u0146i objekti tika iek\u013cauti Nekustam\u0101 kult\u016bras mantojuma v\u0113rt\u012bbu re\u0123istr\u0101. Jau toreiz izskan\u0113ja iniciat\u012bvas un priek\u0161likumi izveidot Pirm\u0101 pasaules kara ekspoz\u012bciju Turmant\u0101 un muzeju zem atkl\u0101tas debess, veidojot t\u016brisma mar\u0161rutu un apskatot v\u0101cu \u0137eizara armijas izveidoto fortifik\u0101ciju.<\/p>\n\n\n\n<p>V\u0113l\u0101k \u0161\u012bs teritorijas izp\u0113te balst\u012bj\u0101s uz viet\u0113jo entuziastu iniciat\u012bv\u0101m, individu\u0101l\u0101m ekskursij\u0101m vai &#8220;melno arheologu&#8221; aktivit\u0101t\u0113m. Jau toreiz tika paman\u012bts, ka ar\u012b Latvijas teritorij\u0101 starp Gate\u0146u un Medumu ezeriem atrodas v\u0113rt\u012bgs kara mantojums. \u0160eit virz\u012bj\u0101s galven\u0101 frontes l\u012bnija starp V\u0101cijas un Krievijas imp\u0113rijas armij\u0101m. T\u0101p\u0113c, lai piln\u012bb\u0101 atkl\u0101tu \u0161o mar\u0161rutu un taj\u0101 ietverto milit\u0101ro mantojumu, nepiecie\u0161ama p\u0101rrobe\u017eu sadarb\u012bba.<\/p>\n\n\n\n<p>No 2018. gada Zarasu T\u016brisma un biznesa inform\u0101cijas centrs s\u0101ka att\u012bst\u012bt mar\u0161ruta un ekspoz\u012bcijas izveides ideju, v\u0101cot un sistematiz\u0113jot mar\u0161ruta izveidei noz\u012bm\u012bgus materi\u0101lus, mekl\u0113jot sadarb\u012bbas partnerus un gatavojot \u0161\u012b mantojuma atkl\u0101\u0161anas projektus.<\/p>\n\n\n\n<p>Projekts tika sagatavots. Projekta \u012bsteno\u0161ana no 2021. l\u012bdz 2023. gada s\u0101kumam. \u201cPirm\u0101 pasaules kara mantojuma t\u016brisma mar\u0161ruta un ekspoz\u012bcijas izveide ar m\u0113r\u0137i piesaist\u012bt apmekl\u0113t\u0101jus pierobe\u017e\u0101\u201d (jeb sa\u012bsin\u0101jum\u0101 &#8220;WWI ROUTE&#8221;, projekts Nr. LLI-501) sadarb\u012bb\u0101 ar Auk\u0161daugavas novada pa\u0161vald\u012bbu. Projekts tiek \u012bstenots no 2021. gada. un turpin\u0101sies l\u012bdz 2023. gada s\u0101kumam. Projekta kop\u0113jais bud\u017eets sast\u0101da 731 t\u016bkstoti eiro.<\/p>\n\n\n\n<p>Projekta &#8220;WWI ROUTE&#8221; pamat\u0101 \u0161aj\u0101 pierobe\u017eas re\u0123ion\u0101 tiek veidota ekspoz\u012bcija un starptautiskais mar\u0161ruts. Ce\u013cojot pa doto mar\u0161rutu var apskat\u012bt vair\u0101kas Pirm\u0101 pasaules kara laika ekspoz\u012bcijas, Pirm\u0101 pasaules kara objektus, saglab\u0101ju\u0161os v\u0101cu armijas poz\u012bciju nocietin\u0101jumos, iepaz\u012bt Pirm\u0101s pasaules kara mantojumu un \u0161\u012b v\u0113stures perioda specifiku. Izmantojot lietotni wwiroute.visitzarasai.lt, mar\u0161rutu var viegli p\u0101rveidot un piel\u0101got da\u017e\u0101das fizisk\u0101s sagatavot\u012bbas cilv\u0113kiem, kuri ce\u013co k\u0101j\u0101m, ar velosip\u0113du vai automa\u0161\u012bnu. Mar\u0161ruta kop\u0113jais garums sasniedz l\u012bdz pat 99 km.<\/p>\n","protected":false},"excerpt":{"rendered":"<p>Padzi\u013cin\u0101ta Pirm\u0101 pasaules kara mantojuma izp\u0113te Zarasu novad\u0101 aizs\u0101k\u0101s jau 2006. gad\u0101, kad milit\u0101rie v\u0113sturnieki Valdas Rakutis un Vladimirs Orlovs ierosin\u0101ja organiz\u0113t&nbsp; apskates\/izp\u0113tes eksped\u012bciju Turmantas pagasta apkaim\u0113, bet v\u0113l\u0101k ar\u012b konferenci \u0161\u012b mantojuma prezent\u0113\u0161anai. P\u0113t\u012bjuma materi\u0101ls aprakst\u012bts Vladimira Orlova gr\u0101mat\u0101 &#8220;20. gadsimta fortifik\u0101cija Lietuv\u0101&#8221; Uz p\u0113t\u012bjumu pamata pirmie septi\u0146i objekti tika iek\u013cauti Nekustam\u0101 kult\u016bras mantojuma [&hellip;]<\/p>\n","protected":false},"author":1,"featured_media":0,"parent":0,"menu_order":0,"comment_status":"closed","ping_status":"closed","template":"page-templates\/page-sidebar-none.php","meta":{"footnotes":""},"class_list":["post-82","page","type-page","status-publish","hentry"],"acf":[],"_links":{"self":[{"href":"https:\/\/ww1route.eu\/lv\/wp-json\/wp\/v2\/pages\/82","targetHints":{"allow":["GET"]}}],"collection":[{"href":"https:\/\/ww1route.eu\/lv\/wp-json\/wp\/v2\/pages"}],"about":[{"href":"https:\/\/ww1route.eu\/lv\/wp-json\/wp\/v2\/types\/page"}],"author":[{"embeddable":true,"href":"https:\/\/ww1route.eu\/lv\/wp-json\/wp\/v2\/users\/1"}],"replies":[{"embeddable":true,"href":"https:\/\/ww1route.eu\/lv\/wp-json\/wp\/v2\/comments?post=82"}],"version-history":[{"count":12,"href":"https:\/\/ww1route.eu\/lv\/wp-json\/wp\/v2\/pages\/82\/revisions"}],"predecessor-version":[{"id":2413,"href":"https:\/\/ww1route.eu\/lv\/wp-json\/wp\/v2\/pages\/82\/revisions\/2413"}],"wp:attachment":[{"href":"https:\/\/ww1route.eu\/lv\/wp-json\/wp\/v2\/media?parent=82"}],"curies":[{"name":"wp","href":"https:\/\/api.w.org\/{rel}","templated":true}]}}