{"id":84,"date":"2022-08-22T14:48:23","date_gmt":"2022-08-22T11:48:23","guid":{"rendered":"http:\/\/ww1route.eu\/?page_id=84"},"modified":"2025-05-15T12:44:49","modified_gmt":"2025-05-15T09:44:49","slug":"apmekletajiem","status":"publish","type":"page","link":"https:\/\/ww1route.eu\/lv\/apmekletajiem\/","title":{"rendered":"Apmekl\u0113t\u0101jiem"},"content":{"rendered":"\n<p>Pirmdiena \u2013 br\u012bvdiena<br>Otrdiena \u2013 12.00-17.00<br>Tre\u0161diena \u2013 12.00-17.00<br>Ceturtdiena \u2013 12.00-17.00<br>Piektdiena \u2013 12.00-17.00<br>Sestdiena \u2013 12.00-17.00<br>Sv\u0113tdiena \u2013 br\u012bvdiena<\/p>\n\n\n\n<p>Ekskursijas un muzeja apmekl\u0113jumu grup\u0101m cit\u0101s dien\u0101s&nbsp; var pieteikt pa t\u0101lru\u0146iem +371 26274123, +371 29431360.tiks papildin\u0101ta tuv\u0101kaj\u0101 laik\u0101&#8230;<\/p>\n\n\n\n<p><\/p>\n","protected":false},"excerpt":{"rendered":"<p>Pirmdiena \u2013 br\u012bvdienaOtrdiena \u2013 12.00-17.00Tre\u0161diena \u2013 12.00-17.00Ceturtdiena \u2013 12.00-17.00Piektdiena \u2013 12.00-17.00Sestdiena \u2013 12.00-17.00Sv\u0113tdiena \u2013 br\u012bvdiena Ekskursijas un muzeja apmekl\u0113jumu grup\u0101m cit\u0101s dien\u0101s&nbsp; var pieteikt pa t\u0101lru\u0146iem +371 26274123, +371 29431360.tiks papildin\u0101ta tuv\u0101kaj\u0101 laik\u0101&#8230;<\/p>\n","protected":false},"author":1,"featured_media":0,"parent":0,"menu_order":0,"comment_status":"closed","ping_status":"closed","template":"page-templates\/page-sidebar-none.php","meta":{"footnotes":""},"class_list":["post-84","page","type-page","status-publish","hentry"],"acf":[],"_links":{"self":[{"href":"https:\/\/ww1route.eu\/lv\/wp-json\/wp\/v2\/pages\/84","targetHints":{"allow":["GET"]}}],"collection":[{"href":"https:\/\/ww1route.eu\/lv\/wp-json\/wp\/v2\/pages"}],"about":[{"href":"https:\/\/ww1route.eu\/lv\/wp-json\/wp\/v2\/types\/page"}],"author":[{"embeddable":true,"href":"https:\/\/ww1route.eu\/lv\/wp-json\/wp\/v2\/users\/1"}],"replies":[{"embeddable":true,"href":"https:\/\/ww1route.eu\/lv\/wp-json\/wp\/v2\/comments?post=84"}],"version-history":[{"count":8,"href":"https:\/\/ww1route.eu\/lv\/wp-json\/wp\/v2\/pages\/84\/revisions"}],"predecessor-version":[{"id":3261,"href":"https:\/\/ww1route.eu\/lv\/wp-json\/wp\/v2\/pages\/84\/revisions\/3261"}],"wp:attachment":[{"href":"https:\/\/ww1route.eu\/lv\/wp-json\/wp\/v2\/media?parent=84"}],"curies":[{"name":"wp","href":"https:\/\/api.w.org\/{rel}","templated":true}]}}